{"id":5700,"date":"2023-06-10T09:21:19","date_gmt":"2023-06-10T06:21:19","guid":{"rendered":"https:\/\/www.ecofridge.gr\/product\/efc-120\/"},"modified":"2024-07-18T15:59:40","modified_gmt":"2024-07-18T12:59:40","slug":"efc-120","status":"publish","type":"product","link":"https:\/\/www.ecofridge.gr\/de\/product\/efc-120\/","title":{"rendered":"EFC 120"},"content":{"rendered":"","protected":false},"excerpt":{"rendered":"<p><span class=\"HwtZe\" lang=\"de\"><span class=\"jCAhz ChMk0b\"><span class=\"ryNqvb\">Thekenk\u00fchldisplay, ideal zum Aufrechterhalten der richtigen Temperatur Ihrer Produkte<\/span><\/span> <span class=\"jCAhz ChMk0b\"><span class=\"ryNqvb\">wie Sandwiches, Salate, Obst usw.<\/span><\/span> <\/span><\/p>\n<p><span class=\"HwtZe\" lang=\"de\"><span class=\"jCAhz ChMk0b\"><span class=\"ryNqvb\">Enth\u00e4lt 3 Produktebenen und verf\u00fcgt \u00fcber 2 Schiebet\u00fcren auf der R\u00fcckseite.<\/span><\/span> <span class=\"jCAhz ChMk0b\"><span class=\"ryNqvb\">Regale k\u00f6nnen verstellbar sein!<\/span><\/span> <\/span><\/p>\n<p><span class=\"HwtZe\" lang=\"de\"><span class=\"jCAhz ChMk0b\"><span class=\"ryNqvb\">Einschlie\u00dflich eines elektronischen Thermostats mit speziellem Design f\u00fcr Antibeschlaggl\u00e4ser, LED-Beleuchtung und umweltfreundlichem K\u00e4ltemittel.<\/span><\/span><\/span><\/p>\n","protected":false},"featured_media":6308,"template":"","meta":{"_acf_changed":false,"_seopress_robots_primary_cat":"none","_seopress_titles_title":"","_seopress_titles_desc":"\u0395\u03c0\u03b9\u03c4\u03c1\u03b1\u03c0\u03ad\u03b6\u03b9\u03b1 \u03a8\u03c5\u03c7\u03cc\u03bc\u03b5\u03bd\u03b7 \u03b2\u03b9\u03c4\u03c1\u03af\u03bd\u03b1 \u03b9\u03b4\u03b1\u03bd\u03b9\u03ba\u03ae \u03b3\u03b9\u03b1 \u03b4\u03b9\u03b1\u03c4\u03ae\u03c1\u03b7\u03c3\u03b7 \u03c3\u03c4\u03b7\u03bd \u03c3\u03c9\u03c3\u03c4\u03ae \u03b8\u03b5\u03c1\u03bc\u03bf\u03ba\u03c1\u03b1\u03c3\u03af\u03b1 \u03c4\u03c9\u03bd \u03c0\u03c1\u03bf\u03ca\u03cc\u03bd\u03c4\u03c9\u03bd \u03c3\u03b1\u03c2 \u03a3\u03ac\u03bd\u03c4\u03bf\u03c5\u03b9\u03c4\u03c2 , \u03a3\u03b1\u03bb\u03ac\u03c4\u03b5\u03c2 , \u03a3\u03bd\u03b1\u03ba , \u0393\u03bb\u03c5\u03ba\u03af\u03c3\u03bc\u03b1\u03c4\u03b1 , \u03a6\u03c1\u03bf\u03cd\u03c4\u03b1 \u03ba\u03b1..","_seopress_robots_index":""},"product_cat":[556,554],"product_tag":[669],"class_list":{"0":"post-5700","1":"product","2":"type-product","3":"status-publish","4":"has-post-thumbnail","6":"product_cat-gekuehlt","7":"product_cat-vitrinen-fuer-die-arbeitsplatte-theke","8":"product_tag-0199-de","10":"first","11":"instock","12":"shipping-taxable","13":"product-type-simple"},"acf":[],"_links":{"self":[{"href":"https:\/\/www.ecofridge.gr\/de\/wp-json\/wp\/v2\/product\/5700","targetHints":{"allow":["GET"]}}],"collection":[{"href":"https:\/\/www.ecofridge.gr\/de\/wp-json\/wp\/v2\/product"}],"about":[{"href":"https:\/\/www.ecofridge.gr\/de\/wp-json\/wp\/v2\/types\/product"}],"wp:featuredmedia":[{"embeddable":true,"href":"https:\/\/www.ecofridge.gr\/de\/wp-json\/wp\/v2\/media\/6308"}],"wp:attachment":[{"href":"https:\/\/www.ecofridge.gr\/de\/wp-json\/wp\/v2\/media?parent=5700"}],"wp:term":[{"taxonomy":"product_cat","embeddable":true,"href":"https:\/\/www.ecofridge.gr\/de\/wp-json\/wp\/v2\/product_cat?post=5700"},{"taxonomy":"product_tag","embeddable":true,"href":"https:\/\/www.ecofridge.gr\/de\/wp-json\/wp\/v2\/product_tag?post=5700"}],"curies":[{"name":"wp","href":"https:\/\/api.w.org\/{rel}","templated":true}]}}