{"id":5745,"date":"2023-06-09T11:15:30","date_gmt":"2023-06-09T08:15:30","guid":{"rendered":"https:\/\/www.ecofridge.gr\/product\/efh-200\/"},"modified":"2024-07-18T16:02:02","modified_gmt":"2024-07-18T13:02:02","slug":"efh-200","status":"publish","type":"product","link":"https:\/\/www.ecofridge.gr\/de\/product\/efh-200\/","title":{"rendered":"EFH 200"},"content":{"rendered":"","protected":false},"excerpt":{"rendered":"<div class=\"fusion-builder-row fusion-builder-row-inner fusion-row fusion-flex-align-items-flex-start fusion-flex-content-wrap\">\n<div class=\"fusion-layout-column fusion_builder_column_inner fusion-builder-nested-column-3 fusion_builder_column_inner_1_1 1_1 fusion-flex-column\" data-motion-effects=\"[{&quot;type&quot;:&quot;&quot;,&quot;scroll_type&quot;:&quot;transition&quot;,&quot;scroll_direction&quot;:&quot;up&quot;,&quot;transition_speed&quot;:&quot;1&quot;,&quot;fade_type&quot;:&quot;in&quot;,&quot;scale_type&quot;:&quot;up&quot;,&quot;initial_scale&quot;:&quot;1&quot;,&quot;max_scale&quot;:&quot;1.5&quot;,&quot;min_scale&quot;:&quot;0.5&quot;,&quot;initial_rotate&quot;:&quot;0&quot;,&quot;end_rotate&quot;:&quot;30&quot;,&quot;initial_blur&quot;:&quot;0&quot;,&quot;end_blur&quot;:&quot;3&quot;,&quot;start_element&quot;:&quot;top&quot;,&quot;start_viewport&quot;:&quot;bottom&quot;,&quot;end_element&quot;:&quot;bottom&quot;,&quot;end_viewport&quot;:&quot;top&quot;,&quot;mouse_effect&quot;:&quot;track&quot;,&quot;mouse_effect_direction&quot;:&quot;opposite&quot;,&quot;mouse_effect_speed&quot;:&quot;2&quot;,&quot;infinite_animation&quot;:&quot;float&quot;,&quot;infinite_animation_speed&quot;:&quot;2&quot;}]\" data-scroll-devices=\"small-visibility,medium-visibility,large-visibility\">\n<div class=\"fusion-column-wrapper fusion-column-has-shadow fusion-flex-justify-content-flex-start fusion-content-layout-column\">\n<div class=\"fusion-text fusion-text-2\">\n<p><span class=\"HwtZe\" lang=\"de\"><span class=\"jCAhz ChMk0b\"><span class=\"ryNqvb\">Beheizte Tischvitrine, ideal, um Ihre Produkte auf der richtigen Temperatur zu halten, f\u00fcr Bl\u00e4tterteig usw.<\/span><\/span><\/span><\/p>\n<\/div>\n<\/div>\n<\/div>\n<\/div>\n<div class=\"fusion-woo-short-description-tb fusion-woo-short-description-tb-1\">\n<div class=\"post-content woocommerce-product-details__short-description\">\n<ul>\n<li><span class=\"HwtZe\" lang=\"de\"><span class=\"jCAhz ChMk0b\"><span class=\"ryNqvb\">Es verf\u00fcgt \u00fcber drei Ebenen der Produktpr\u00e4sentation<\/span><\/span><\/span><\/li>\n<li><span class=\"HwtZe\" lang=\"de\"><span class=\"jCAhz ChMk0b C1N51c\"><span class=\"ryNqvb\">Die Regale sind kippbar!<\/span><\/span><\/span><\/li>\n<li><span class=\"HwtZe\" lang=\"de\"><span class=\"jCAhz ChMk0b C1N51c\"><span class=\"ryNqvb\">Schiebet\u00fcren auf der R\u00fcckseite mit doppeltem W\u00e4rmeschutzglas<\/span><\/span><\/span><\/li>\n<li><span class=\"HwtZe\" lang=\"de\"><span class=\"jCAhz ChMk0b\"><span class=\"ryNqvb\">LED-Beleuchtung<\/span><\/span><\/span><\/li>\n<li><span class=\"HwtZe\" lang=\"de\"><span class=\"jCAhz ChMk0b\"><span class=\"ryNqvb\">Temperaturanzeigeregler<\/span><\/span><\/span><\/li>\n<li><span class=\"HwtZe\" lang=\"de\"><span class=\"jCAhz ChMk0b C1N51c\"><span class=\"ryNqvb\">Abnehmbares Wasserbecken an der Unterseite der Struktur<\/span><\/span><\/span><\/li>\n<\/ul>\n<\/div>\n<\/div>\n","protected":false},"featured_media":6344,"template":"","meta":{"_acf_changed":false,"_seopress_robots_primary_cat":"none","_seopress_titles_title":"","_seopress_titles_desc":"\u0395\u03c0\u03b9\u03c4\u03c1\u03b1\u03c0\u03ad\u03b6\u03b9\u03b1 \u0398\u03b5\u03c1\u03bc\u03b1\u03b9\u03bd\u03cc\u03bc\u03b5\u03bd\u03b7 \u03b2\u03b9\u03c4\u03c1\u03af\u03bd\u03b1 \u03b9\u03b4\u03b1\u03bd\u03b9\u03ba\u03ae \u03b3\u03b9\u03b1 \u03b4\u03b9\u03b1\u03c4\u03ae\u03c1\u03b7\u03c3\u03b7 \u03c3\u03c4\u03b7\u03bd \u03c3\u03c9\u03c3\u03c4\u03ae \u03b8\u03b5\u03c1\u03bc\u03bf\u03ba\u03c1\u03b1\u03c3\u03af\u03b1 \u03c4\u03c9\u03bd \u03c0\u03c1\u03bf\u03ca\u03cc\u03bd\u03c4\u03c9\u03bd \u03c3\u03b1\u03c2 , \u03b3\u03b9\u03b1 \u03a3\u03c6\u03bf\u03bb\u03b9\u03b1\u03c4\u03bf\u03b5\u03b9\u03b4\u03ae \u03ba\u03b1.. %%sitename%%","_seopress_robots_index":""},"product_cat":[555,554],"product_tag":[660],"class_list":{"0":"post-5745","1":"product","2":"type-product","3":"status-publish","4":"has-post-thumbnail","6":"product_cat-beheizt","7":"product_cat-vitrinen-fuer-die-arbeitsplatte-theke","8":"product_tag-200-399lt-de","10":"first","11":"instock","12":"shipping-taxable","13":"product-type-simple"},"acf":[],"_links":{"self":[{"href":"https:\/\/www.ecofridge.gr\/de\/wp-json\/wp\/v2\/product\/5745","targetHints":{"allow":["GET"]}}],"collection":[{"href":"https:\/\/www.ecofridge.gr\/de\/wp-json\/wp\/v2\/product"}],"about":[{"href":"https:\/\/www.ecofridge.gr\/de\/wp-json\/wp\/v2\/types\/product"}],"wp:featuredmedia":[{"embeddable":true,"href":"https:\/\/www.ecofridge.gr\/de\/wp-json\/wp\/v2\/media\/6344"}],"wp:attachment":[{"href":"https:\/\/www.ecofridge.gr\/de\/wp-json\/wp\/v2\/media?parent=5745"}],"wp:term":[{"taxonomy":"product_cat","embeddable":true,"href":"https:\/\/www.ecofridge.gr\/de\/wp-json\/wp\/v2\/product_cat?post=5745"},{"taxonomy":"product_tag","embeddable":true,"href":"https:\/\/www.ecofridge.gr\/de\/wp-json\/wp\/v2\/product_tag?post=5745"}],"curies":[{"name":"wp","href":"https:\/\/api.w.org\/{rel}","templated":true}]}}