{"id":5760,"date":"2023-06-09T09:13:51","date_gmt":"2023-06-09T06:13:51","guid":{"rendered":"https:\/\/www.ecofridge.gr\/product\/efs-2000\/"},"modified":"2024-10-01T00:04:28","modified_gmt":"2024-09-30T21:04:28","slug":"efs-2000","status":"publish","type":"product","link":"https:\/\/www.ecofridge.gr\/de\/product\/efs-2000\/","title":{"rendered":"EFS 2000"},"content":{"rendered":"","protected":false},"excerpt":{"rendered":"<p><span class=\"HwtZe\" lang=\"de\"><span class=\"jCAhz ChMk0b\"><span class=\"ryNqvb\">Tischvitrine, ideal zum Pr\u00e4sentieren von Salaten und Snacks, mit rechteckigem Glas f\u00fcr bessere Sicht.<\/span><\/span> <\/span><\/p>\n<p><span class=\"HwtZe\" lang=\"de\"><span class=\"jCAhz ChMk0b\"><span class=\"ryNqvb\">Es verf\u00fcgt \u00fcber einen elektronischen Thermostat, \u00f6kologisches K\u00fchlmittel und GN-Tabletts (1\/4).<\/span><\/span><\/span><\/p>\n","protected":false},"featured_media":5762,"template":"","meta":{"_acf_changed":false,"_seopress_robots_primary_cat":"none","_seopress_titles_title":"","_seopress_titles_desc":"\u0395\u03c0\u03b9\u03c4\u03c1\u03b1\u03c0\u03ad\u03b6\u03b9\u03b1 \u03b2\u03b9\u03c4\u03c1\u03af\u03bd\u03b1 \u03b9\u03b4\u03b1\u03bd\u03b9\u03ba\u03ae \u03b3\u03b9\u03b1 \u03c0\u03c1\u03bf\u03b2\u03bf\u03bb\u03ae \u03c3\u03b1\u03bb\u03b1\u03c4\u03ce\u03bd \u03ba\u03b1\u03b9 \u03c3\u03bd\u03b1\u03ba \u03bc\u03b5 \u039f\u03c1\u03b8\u03bf\u03b3\u03ce\u03bd\u03b9\u03bf \u03b3\u03c5\u03b1\u03bb\u03af \u03b3\u03b9\u03b1 \u03ba\u03b1\u03bb\u03cd\u03c4\u03b5\u03c1\u03b7 \u03c0\u03c1\u03bf\u03b2\u03bf\u03bb\u03ae\u00a0\u039c\u03b5 \u03b7\u03bb\u03b5\u03ba\u03c4\u03c1\u03bf\u03bd\u03b9\u03ba\u03cc \u03b8\u03b5\u03c1\u03bc\u03bf\u03c3\u03c4\u03ac\u03c4\u03b7 , \u03bf\u03b9\u03ba\u03bf\u03bb\u03bf\u03b3\u03b9\u03ba\u03cc \u03c8\u03c5\u03ba\u03c4\u03b9\u03ba\u03cc \u03c5\u03b3\u03c1\u03cc \u03ba\u03b1\u03b9 \u03b4\u03af\u03c3\u03ba\u03bf\u03c5\u03c2 GN (1\/4)","_seopress_robots_index":""},"product_cat":[556,554],"product_tag":[],"class_list":{"0":"post-5760","1":"product","2":"type-product","3":"status-publish","4":"has-post-thumbnail","6":"product_cat-gekuehlt","7":"product_cat-vitrinen-fuer-die-arbeitsplatte-theke","9":"first","10":"instock","11":"shipping-taxable","12":"product-type-simple"},"acf":[],"_links":{"self":[{"href":"https:\/\/www.ecofridge.gr\/de\/wp-json\/wp\/v2\/product\/5760","targetHints":{"allow":["GET"]}}],"collection":[{"href":"https:\/\/www.ecofridge.gr\/de\/wp-json\/wp\/v2\/product"}],"about":[{"href":"https:\/\/www.ecofridge.gr\/de\/wp-json\/wp\/v2\/types\/product"}],"wp:featuredmedia":[{"embeddable":true,"href":"https:\/\/www.ecofridge.gr\/de\/wp-json\/wp\/v2\/media\/5762"}],"wp:attachment":[{"href":"https:\/\/www.ecofridge.gr\/de\/wp-json\/wp\/v2\/media?parent=5760"}],"wp:term":[{"taxonomy":"product_cat","embeddable":true,"href":"https:\/\/www.ecofridge.gr\/de\/wp-json\/wp\/v2\/product_cat?post=5760"},{"taxonomy":"product_tag","embeddable":true,"href":"https:\/\/www.ecofridge.gr\/de\/wp-json\/wp\/v2\/product_tag?post=5760"}],"curies":[{"name":"wp","href":"https:\/\/api.w.org\/{rel}","templated":true}]}}