{"id":5793,"date":"2023-02-09T11:28:29","date_gmt":"2023-02-09T09:28:29","guid":{"rendered":"https:\/\/www.ecofridge.gr\/product\/slim-220c\/"},"modified":"2024-05-29T14:05:06","modified_gmt":"2024-05-29T11:05:06","slug":"slim-220c","status":"publish","type":"product","link":"https:\/\/www.ecofridge.gr\/de\/product\/slim-220c\/","title":{"rendered":"SLIM 220 CANOPY"},"content":{"rendered":"","protected":false},"excerpt":{"rendered":"<p><span class=\"HwtZe\" lang=\"de\"><span class=\"jCAhz ChMk0b\"><span class=\"ryNqvb\">K\u00fchlschrank, ideal f\u00fcr Erfrischungsgetr\u00e4nke, Sandwiches, S\u00fc\u00dfigkeiten, verpackt, so konzipiert, dass er auch in sehr enge R\u00e4ume passt.<\/span><\/span> <\/span><\/p>\n<p><span class=\"HwtZe\" lang=\"de\"><span class=\"jCAhz ChMk0b\"><span class=\"ryNqvb\">Es verf\u00fcgt \u00fcber einen dynamischen Mechanismus f\u00fcr bessere Leistung (ohne innere Feuchtigkeit), LED-Beleuchtung in der Kabine und an der Vorderseite, doppeltes Sicherheitsglas und einen Energieausweis<\/span><\/span><\/span><\/p>\n","protected":false},"featured_media":5535,"template":"","meta":{"_acf_changed":false,"_seopress_robots_primary_cat":"none","_seopress_titles_title":"","_seopress_titles_desc":"\u03a8\u03c5\u03b3\u03b5\u03af\u03bf \u03b9\u03b4\u03b1\u03bd\u03b9\u03ba\u03cc \u03b3\u03b9\u03b1 \u03b1\u03bd\u03b1\u03c8\u03c5\u03ba\u03c4\u03b9\u03ba\u03ac, \u03c3\u03ac\u03bd\u03c4\u03bf\u03c5\u03b9\u03c4\u03c2, \u03b3\u03bb\u03c5\u03ba\u03ac, \u03c3\u03c5\u03c3\u03ba\u03b5\u03c5\u03b1\u03c3\u03bc\u03ad\u03bd\u03b1, \u03c3\u03c7\u03b5\u03b4\u03b9\u03b1\u03c3\u03bc\u03ad\u03bd\u03bf \u03bd\u03b1 \u03c7\u03c9\u03c1\u03ac\u03b5\u03b9 \u03ba\u03b1\u03b9 \u03c3\u03b5 \u03c0\u03bf\u03bb\u03cd \u03c3\u03c4\u03b5\u03bd\u03bf\u03cd\u03c2 \u03c7\u03ce\u03c1\u03bf\u03c5\u03c2 . %%sep%% %%sitename%%","_seopress_robots_index":""},"product_cat":[558,557],"product_tag":[660],"class_list":{"0":"post-5793","1":"product","2":"type-product","3":"status-publish","4":"has-post-thumbnail","6":"product_cat-getraenke","7":"product_cat-kuehlschraenke","8":"product_tag-200-399lt-de","10":"first","11":"outofstock","12":"shipping-taxable","13":"product-type-simple"},"acf":[],"_links":{"self":[{"href":"https:\/\/www.ecofridge.gr\/de\/wp-json\/wp\/v2\/product\/5793","targetHints":{"allow":["GET"]}}],"collection":[{"href":"https:\/\/www.ecofridge.gr\/de\/wp-json\/wp\/v2\/product"}],"about":[{"href":"https:\/\/www.ecofridge.gr\/de\/wp-json\/wp\/v2\/types\/product"}],"wp:featuredmedia":[{"embeddable":true,"href":"https:\/\/www.ecofridge.gr\/de\/wp-json\/wp\/v2\/media\/5535"}],"wp:attachment":[{"href":"https:\/\/www.ecofridge.gr\/de\/wp-json\/wp\/v2\/media?parent=5793"}],"wp:term":[{"taxonomy":"product_cat","embeddable":true,"href":"https:\/\/www.ecofridge.gr\/de\/wp-json\/wp\/v2\/product_cat?post=5793"},{"taxonomy":"product_tag","embeddable":true,"href":"https:\/\/www.ecofridge.gr\/de\/wp-json\/wp\/v2\/product_tag?post=5793"}],"curies":[{"name":"wp","href":"https:\/\/api.w.org\/{rel}","templated":true}]}}