{"id":5821,"date":"2023-02-09T10:40:38","date_gmt":"2023-02-09T08:40:38","guid":{"rendered":"https:\/\/www.ecofridge.gr\/product\/cl380s\/"},"modified":"2024-04-25T11:52:43","modified_gmt":"2024-04-25T08:52:43","slug":"cl380s","status":"publish","type":"product","link":"https:\/\/www.ecofridge.gr\/de\/product\/cl380s\/","title":{"rendered":"CL380S"},"content":{"rendered":"","protected":false},"excerpt":{"rendered":"<p><strong><span class=\"HwtZe\" lang=\"de\"><span class=\"jCAhz ChMk0b\"><span class=\"ryNqvb\">Erfrischungsgetr\u00e4nkek\u00fchlschrank mit au\u00dfen beleuchteter Front<\/span><\/span><\/span><\/strong><\/p>\n<p><span class=\"HwtZe\" lang=\"de\"><span class=\"jCAhz ChMk0b\"><span class=\"ryNqvb\">Mit Innenthermometer, T\u00fcrschalter (schaltet den Ventilator ab, wenn die T\u00fcr ge\u00f6ffnet wird) &amp; spezieller w\u00e4rmeisolierender Doppelverglasung (geringer Emissionsgrad) f\u00fcr geringeren Energieverbrauch und einfach zu installierende Regale.<\/span><\/span> <\/span><\/p>\n<p><span class=\"HwtZe\" lang=\"de\"><span class=\"jCAhz ChMk0b\"><span class=\"ryNqvb\">Es verf\u00fcgt \u00fcber einen reduzierten Ger\u00e4uschpegel und eine Temperaturanzeige (mit analogem Thermometer) sowie einen Energieausweis.<\/span><\/span> <\/span><\/p>\n<p><span class=\"HwtZe\" lang=\"de\"><span class=\"jCAhz ChMk0b\"><span class=\"ryNqvb\">Betriebsbedingungen: 32\u02daC\/65 % relative Luftfeuchtigkeit.<\/span><\/span><\/span><\/p>\n<p>&nbsp;<\/p>\n","protected":false},"featured_media":5823,"template":"","meta":{"_acf_changed":false,"_seopress_robots_primary_cat":"none","_seopress_titles_title":"","_seopress_titles_desc":"\u03a8\u03c5\u03b3\u03b5\u03af\u03bf \u03b1\u03bd\u03b1\u03c8\u03c5\u03ba\u03c4\u03b9\u03ba\u03ce\u03bd \u03bc\u03b5 \u03b5\u03be\u03c9\u03c4\u03b5\u03c1\u03b9\u03ba\u03ae \u03c6\u03c9\u03c4\u03b9\u03b6\u03cc\u03bc\u03b5\u03bd\u03b7 \u03bc\u03b5\u03c4\u03cc\u03c0\u03b7 .\u0394\u03b9\u03b1\u03b8\u03ad\u03c4\u03b5\u03b9 \u03bc\u03b5\u03b9\u03c9\u03bc\u03ad\u03bd\u03b7 \u03c3\u03c4\u03ac\u03b8\u03bc\u03b7 \u03b8\u03bf\u03c1\u03cd\u03b2\u03bf\u03c5 \u03ba\u03b1\u03b9 \u03ad\u03bd\u03b4\u03b5\u03b9\u03be\u03b7 \u03b8\u03b5\u03c1\u03bc\u03bf\u03ba\u03c1\u03b1\u03c3\u03af\u03b1\u03c2 (\u03bc\u03b5 \u03b1\u03bd\u03b1\u03bb\u03bf\u03b3\u03b9\u03ba\u03cc \u03b8\u03b5\u03c1\u03bc\u03cc\u03bc\u03b5\u03c4\u03c1\u03bf)","_seopress_robots_index":""},"product_cat":[558,557],"product_tag":[660],"class_list":{"0":"post-5821","1":"product","2":"type-product","3":"status-publish","4":"has-post-thumbnail","6":"product_cat-getraenke","7":"product_cat-kuehlschraenke","8":"product_tag-200-399lt-de","10":"first","11":"outofstock","12":"shipping-taxable","13":"product-type-simple"},"acf":[],"_links":{"self":[{"href":"https:\/\/www.ecofridge.gr\/de\/wp-json\/wp\/v2\/product\/5821","targetHints":{"allow":["GET"]}}],"collection":[{"href":"https:\/\/www.ecofridge.gr\/de\/wp-json\/wp\/v2\/product"}],"about":[{"href":"https:\/\/www.ecofridge.gr\/de\/wp-json\/wp\/v2\/types\/product"}],"wp:featuredmedia":[{"embeddable":true,"href":"https:\/\/www.ecofridge.gr\/de\/wp-json\/wp\/v2\/media\/5823"}],"wp:attachment":[{"href":"https:\/\/www.ecofridge.gr\/de\/wp-json\/wp\/v2\/media?parent=5821"}],"wp:term":[{"taxonomy":"product_cat","embeddable":true,"href":"https:\/\/www.ecofridge.gr\/de\/wp-json\/wp\/v2\/product_cat?post=5821"},{"taxonomy":"product_tag","embeddable":true,"href":"https:\/\/www.ecofridge.gr\/de\/wp-json\/wp\/v2\/product_tag?post=5821"}],"curies":[{"name":"wp","href":"https:\/\/api.w.org\/{rel}","templated":true}]}}