{"id":5843,"date":"2023-02-09T10:27:05","date_gmt":"2023-02-09T08:27:05","guid":{"rendered":"https:\/\/www.ecofridge.gr\/product\/cb400-sz-biras\/"},"modified":"2024-04-25T11:57:18","modified_gmt":"2024-04-25T08:57:18","slug":"cb400-sz-biras","status":"publish","type":"product","link":"https:\/\/www.ecofridge.gr\/de\/product\/cb400-sz-biras\/","title":{"rendered":"CB400 SZ Bier"},"content":{"rendered":"","protected":false},"excerpt":{"rendered":"<p><strong><span class=\"HwtZe\" lang=\"de\"><span class=\"jCAhz ChMk0b\"><span class=\"ryNqvb\">Bierk\u00fchler mit verst\u00e4rkter Isolierung und Mechanismus f\u00fcr Temperaturen unter 0\u00b0C.<\/span><\/span><\/span><br \/>\n<\/strong><\/p>\n<p><span class=\"HwtZe\" lang=\"de\"><span class=\"jCAhz ChMk0b\"><span class=\"ryNqvb\">Mit T\u00fcrschalter (stoppt den Ventilator beim \u00d6ffnen der T\u00fcr), spezieller w\u00e4rmeisolierender Doppelverglasung (geringer Emissionsgrad) f\u00fcr geringeren Verbrauch und elektronischem Thermostat.<\/span><\/span> <\/span><\/p>\n<p><span class=\"HwtZe\" lang=\"de\"><span class=\"jCAhz ChMk0b\"><span class=\"ryNqvb\">Au\u00dferdem reduzierter Ger\u00e4uschpegel, LED-Beleuchtung und Energieausweis.<\/span><\/span> <\/span><\/p>\n<p><span class=\"HwtZe\" lang=\"de\"><span class=\"jCAhz ChMk0b\"><span class=\"ryNqvb\">Betriebsbedingungen: 32\u02daC\/65 % relative Luftfeuchtigkeit.<\/span><\/span><\/span><\/p>\n<p>&nbsp;<\/p>\n<p>&nbsp;<\/p>\n","protected":false},"featured_media":5845,"template":"","meta":{"_acf_changed":false,"_seopress_robots_primary_cat":"none","_seopress_titles_title":"","_seopress_titles_desc":"\u03a8\u03c5\u03b3\u03b5\u03af\u03bf \u03bc\u03c0\u03af\u03c1\u03b1\u03c2 \u03bc\u03b5 \u03b5\u03bd\u03b9\u03c3\u03c7\u03c5\u03bc\u03ad\u03bd\u03b7 \u03bc\u03cc\u03bd\u03c9\u03c3\u03b7 & \u03bc\u03b7\u03c7\u03b1\u03bd\u03b9\u03c3\u03bc\u03cc \u03b3\u03b9\u03b1 \u03b8\u03b5\u03c1\u03bc\u03bf\u03ba\u03c1\u03b1\u03c3\u03af\u03b5\u03c2 \u03ba\u03ac\u03c4\u03c9 \u03b1\u03c0\u03cc \u03c4\u03bf\u03c5\u03c2 0oC & \u03b5\u03b9\u03b4\u03b9\u03ba\u03ac \u03b8\u03b5\u03c1\u03bc\u03bf\u03bc\u03bf\u03bd\u03c9\u03c4\u03b9\u03ba\u03ac \u03b4\u03b9\u03c0\u03bb\u03ac \u03c4\u03b6\u03ac\u03bc\u03b9\u03b1(low emmisivity) \u03b3\u03b9\u03b1 \u03c7\u03b1\u03bc\u03b7\u03bb\u03ae \u03ba\u03b1\u03c4\u03b1\u03bd\u03ac\u03bb\u03c9\u03c3\u03b7","_seopress_robots_index":""},"product_cat":[559,557],"product_tag":[709],"class_list":{"0":"post-5843","1":"product","2":"type-product","3":"status-publish","4":"has-post-thumbnail","6":"product_cat-bier","7":"product_cat-kuehlschraenke","8":"product_tag-400-599lt-de","10":"first","11":"instock","12":"shipping-taxable","13":"product-type-simple"},"acf":[],"_links":{"self":[{"href":"https:\/\/www.ecofridge.gr\/de\/wp-json\/wp\/v2\/product\/5843","targetHints":{"allow":["GET"]}}],"collection":[{"href":"https:\/\/www.ecofridge.gr\/de\/wp-json\/wp\/v2\/product"}],"about":[{"href":"https:\/\/www.ecofridge.gr\/de\/wp-json\/wp\/v2\/types\/product"}],"wp:featuredmedia":[{"embeddable":true,"href":"https:\/\/www.ecofridge.gr\/de\/wp-json\/wp\/v2\/media\/5845"}],"wp:attachment":[{"href":"https:\/\/www.ecofridge.gr\/de\/wp-json\/wp\/v2\/media?parent=5843"}],"wp:term":[{"taxonomy":"product_cat","embeddable":true,"href":"https:\/\/www.ecofridge.gr\/de\/wp-json\/wp\/v2\/product_cat?post=5843"},{"taxonomy":"product_tag","embeddable":true,"href":"https:\/\/www.ecofridge.gr\/de\/wp-json\/wp\/v2\/product_tag?post=5843"}],"curies":[{"name":"wp","href":"https:\/\/api.w.org\/{rel}","templated":true}]}}