{"id":5871,"date":"2023-02-09T10:23:04","date_gmt":"2023-02-09T08:23:04","guid":{"rendered":"https:\/\/www.ecofridge.gr\/product\/cb500-curved-anapsyktikon\/"},"modified":"2024-04-25T11:59:51","modified_gmt":"2024-04-25T08:59:51","slug":"cb500-curved-anapsyktikon","status":"publish","type":"product","link":"https:\/\/www.ecofridge.gr\/de\/product\/cb500-curved-anapsyktikon\/","title":{"rendered":"CB500 Curved"},"content":{"rendered":"","protected":false},"excerpt":{"rendered":"<p><strong><span class=\"HwtZe\" lang=\"de\"><span class=\"jCAhz ChMk0b\"><span class=\"ryNqvb\">Hochwertiger, komplett schwarzer Getr\u00e4nkek\u00fchler mit gebogener T\u00fcr (und Glas) und au\u00dfen beleuchteter, gebogener Front.<\/span><\/span><\/span><\/strong><\/p>\n<p><span class=\"HwtZe\" lang=\"de\"><span class=\"jCAhz ChMk0b\"><span class=\"ryNqvb\">Mit T\u00fcrschalter (stoppt den Ventilator beim \u00d6ffnen der T\u00fcr), spezieller w\u00e4rmeisolierender Doppelverglasung (geringer Emissionsgrad) f\u00fcr geringeren Verbrauch und elektronischem Thermostat.<\/span><\/span> <\/span><\/p>\n<p><span class=\"HwtZe\" lang=\"de\"><span class=\"jCAhz ChMk0b\"><span class=\"ryNqvb\">Es verf\u00fcgt au\u00dferdem \u00fcber LED-Beleuchtung, einen reduzierten Ger\u00e4uschpegel und einen Energieausweis.<\/span><\/span> <\/span><\/p>\n<p><span class=\"HwtZe\" lang=\"de\"><span class=\"jCAhz ChMk0b\"><span class=\"ryNqvb\">Betriebsbedingungen: 32\u02daC\/65 % relative Luftfeuchtigkeit<\/span><\/span><\/span><\/p>\n<p>&nbsp;<\/p>\n","protected":false},"featured_media":5873,"template":"","meta":{"_acf_changed":false,"_seopress_robots_primary_cat":"none","_seopress_titles_title":"","_seopress_titles_desc":"Premium all black \u03c8\u03c5\u03b3\u03b5\u03af\u03bf \u03b1\u03bd\u03b1\u03c8\u03c5\u03ba\u03c4\u03b9\u03ba\u03ce\u03bd \u03bc\u03b5 \u03ba\u03bf\u03c5\u03c1\u03bc\u03c0\u03b1\u03c1\u03b9\u03c3\u03c4\u03ae \u03c0\u03cc\u03c1\u03c4\u03b1 (& \u03c4\u03b6\u03ac\u03bc\u03b9).\u0395\u03c0\u03af\u03c3\u03b7\u03c2 \u03b4\u03b9\u03b1\u03b8\u03ad\u03c4\u03b5\u03b9\u00a0 \u03c6\u03c9\u03c4\u03b9\u03c3\u03bc\u03cc led, \u03bc\u03b5\u03b9\u03c9\u03bc\u03ad\u03bd\u03b7 \u03c3\u03c4\u03ac\u03b8\u03bc\u03b7 \u03b8\u03bf\u03c1\u03cd\u03b2\u03bf\u03c5 \u03ba\u03b1\u03b9 \u03b5\u03bd\u03b5\u03c1\u03b3\u03b5\u03b9\u03b1\u03ba\u03cc \u03c0\u03b9\u03c3\u03c4\u03bf\u03c0\u03bf\u03b9\u03b7\u03c4\u03b9\u03ba\u03cc.","_seopress_robots_index":""},"product_cat":[558,557],"product_tag":[709],"class_list":{"0":"post-5871","1":"product","2":"type-product","3":"status-publish","4":"has-post-thumbnail","6":"product_cat-getraenke","7":"product_cat-kuehlschraenke","8":"product_tag-400-599lt-de","10":"first","11":"instock","12":"shipping-taxable","13":"product-type-simple"},"acf":[],"_links":{"self":[{"href":"https:\/\/www.ecofridge.gr\/de\/wp-json\/wp\/v2\/product\/5871","targetHints":{"allow":["GET"]}}],"collection":[{"href":"https:\/\/www.ecofridge.gr\/de\/wp-json\/wp\/v2\/product"}],"about":[{"href":"https:\/\/www.ecofridge.gr\/de\/wp-json\/wp\/v2\/types\/product"}],"wp:featuredmedia":[{"embeddable":true,"href":"https:\/\/www.ecofridge.gr\/de\/wp-json\/wp\/v2\/media\/5873"}],"wp:attachment":[{"href":"https:\/\/www.ecofridge.gr\/de\/wp-json\/wp\/v2\/media?parent=5871"}],"wp:term":[{"taxonomy":"product_cat","embeddable":true,"href":"https:\/\/www.ecofridge.gr\/de\/wp-json\/wp\/v2\/product_cat?post=5871"},{"taxonomy":"product_tag","embeddable":true,"href":"https:\/\/www.ecofridge.gr\/de\/wp-json\/wp\/v2\/product_tag?post=5871"}],"curies":[{"name":"wp","href":"https:\/\/api.w.org\/{rel}","templated":true}]}}