{"id":5895,"date":"2022-12-09T13:20:09","date_gmt":"2022-12-09T11:20:09","guid":{"rendered":"https:\/\/www.ecofridge.gr\/product\/cb700-black-anapsyktikon\/"},"modified":"2024-04-25T12:04:08","modified_gmt":"2024-04-25T09:04:08","slug":"cb700-black-anapsyktikon","status":"publish","type":"product","link":"https:\/\/www.ecofridge.gr\/de\/product\/cb700-black-anapsyktikon\/","title":{"rendered":"CB700 All Black"},"content":{"rendered":"","protected":false},"excerpt":{"rendered":"<p><strong><span class=\"HwtZe\" lang=\"de\"><span class=\"jCAhz ChMk0b\"><span class=\"ryNqvb\">Erstklassiger, komplett schwarzer Erfrischungsgetr\u00e4nkek\u00fchler.<\/span><\/span><\/span><\/strong><\/p>\n<p><span class=\"HwtZe\" lang=\"de\"><span class=\"jCAhz ChMk0b\"><span class=\"ryNqvb\">Mit T\u00fcrschalter (stoppt den Ventilator, wenn die T\u00fcr ge\u00f6ffnet wird), speziell isolierender Doppelverglasung (geringer Emissionsgrad) f\u00fcr geringeren Verbrauch und elektronischem Thermostat.<\/span><\/span> <\/span><\/p>\n<p><span class=\"HwtZe\" lang=\"de\"><span class=\"jCAhz ChMk0b\"><span class=\"ryNqvb\">Es verf\u00fcgt au\u00dferdem \u00fcber LED-Beleuchtung, einen reduzierten Ger\u00e4uschpegel und einen Energieausweis.<\/span><\/span> <\/span><\/p>\n<p><span class=\"HwtZe\" lang=\"de\"><span class=\"jCAhz ChMk0b\"><span class=\"ryNqvb\">Betriebsbedingungen: 32\u02daC\/65 % relative Luftfeuchtigkeit.<\/span><\/span><\/span><\/p>\n<p>&nbsp;<\/p>\n","protected":false},"featured_media":5897,"template":"","meta":{"_acf_changed":false,"_seopress_robots_primary_cat":"none","_seopress_titles_title":"","_seopress_titles_desc":"Premium all black \u03bc\u03b5\u03b3\u03ac\u03bb\u03bf \u03c8\u03c5\u03b3\u03b5\u03af\u03bf \u03b1\u03bd\u03b1\u03c8\u03c5\u03ba\u03c4\u03b9\u03ba\u03ce\u03bd. \u039c\u03b5 \u03b5\u03b9\u03b4\u03b9\u03ba\u03ac \u03b8\u03b5\u03c1\u03bc\u03bf\u03bc\u03c9\u03bd\u03bf\u03c4\u03b9\u03ba\u03ac \u03b4\u03b9\u03c0\u03bb\u03ac \u03c4\u03b6\u03ac\u03bc\u03b9\u03b1 (low emmisivity) %%sitename%% %%title%%","_seopress_robots_index":""},"product_cat":[558,557],"product_tag":[741],"class_list":{"0":"post-5895","1":"product","2":"type-product","3":"status-publish","4":"has-post-thumbnail","6":"product_cat-getraenke","7":"product_cat-kuehlschraenke","8":"product_tag-600-799lt-de","10":"first","11":"instock","12":"shipping-taxable","13":"product-type-simple"},"acf":[],"_links":{"self":[{"href":"https:\/\/www.ecofridge.gr\/de\/wp-json\/wp\/v2\/product\/5895","targetHints":{"allow":["GET"]}}],"collection":[{"href":"https:\/\/www.ecofridge.gr\/de\/wp-json\/wp\/v2\/product"}],"about":[{"href":"https:\/\/www.ecofridge.gr\/de\/wp-json\/wp\/v2\/types\/product"}],"wp:featuredmedia":[{"embeddable":true,"href":"https:\/\/www.ecofridge.gr\/de\/wp-json\/wp\/v2\/media\/5897"}],"wp:attachment":[{"href":"https:\/\/www.ecofridge.gr\/de\/wp-json\/wp\/v2\/media?parent=5895"}],"wp:term":[{"taxonomy":"product_cat","embeddable":true,"href":"https:\/\/www.ecofridge.gr\/de\/wp-json\/wp\/v2\/product_cat?post=5895"},{"taxonomy":"product_tag","embeddable":true,"href":"https:\/\/www.ecofridge.gr\/de\/wp-json\/wp\/v2\/product_tag?post=5895"}],"curies":[{"name":"wp","href":"https:\/\/api.w.org\/{rel}","templated":true}]}}