{"id":5900,"date":"2022-12-09T13:18:31","date_gmt":"2022-12-09T11:18:31","guid":{"rendered":"https:\/\/www.ecofridge.gr\/product\/cb-1000-hd\/"},"modified":"2024-04-24T14:26:39","modified_gmt":"2024-04-24T11:26:39","slug":"cb-1000-hd","status":"publish","type":"product","link":"https:\/\/www.ecofridge.gr\/de\/product\/cb-1000-hd\/","title":{"rendered":"CB1000 HD"},"content":{"rendered":"","protected":false},"excerpt":{"rendered":"<p><span class=\"HwtZe\" lang=\"de\"><span class=\"jCAhz ChMk0b\"><span class=\"ryNqvb\">Erfrischungsgetr\u00e4nkek\u00fchlschrank mit 2 zu \u00f6ffnenden T\u00fcren und au\u00dfen beleuchteter Front.<\/span><\/span> <\/span><\/p>\n<p><span class=\"HwtZe\" lang=\"de\"><span class=\"jCAhz ChMk0b\"><span class=\"ryNqvb\">Mit w\u00e4rmed\u00e4mmender Doppelverglasung f\u00fcr geringeren Energieverbrauch.<\/span><\/span> <\/span><\/p>\n<p><span class=\"HwtZe\" lang=\"de\"><span class=\"jCAhz ChMk0b\"><span class=\"ryNqvb\">Au\u00dferdem verf\u00fcgt es \u00fcber eine T\u00fcrr\u00fcckstellung, reduzierten Ger\u00e4uschpegel, LED-Beleuchtung und einen Energieausweis.<\/span><\/span> <\/span><\/p>\n<p><span class=\"HwtZe\" lang=\"de\"><span class=\"jCAhz ChMk0b\"><span class=\"ryNqvb\">Betriebsbedingungen: 32\u02daC\/65 % relative Luftfeuchtigkeit.<\/span><\/span><\/span><\/p>\n<p>&nbsp;<\/p>\n<p><strong>\u00a0<\/strong><\/p>\n<p>&nbsp;<\/p>\n","protected":false},"featured_media":6862,"template":"","meta":{"_acf_changed":false,"_seopress_robots_primary_cat":"none","_seopress_titles_title":"","_seopress_titles_desc":"\u03a8\u03c5\u03b3\u03b5\u03af\u03bf \u03b1\u03bd\u03b1\u03c8\u03c5\u03ba\u03c4\u03b9\u03ba\u03ce\u03bd \u03bc\u03b5 2 \u03b1\u03bd\u03bf\u03b9\u03b3\u03cc\u03bc\u03b5\u03bd\u03b5\u03c2 \u03c0\u03cc\u03c1\u03c4\u03b5\u03c2. \u039c\u03b5 \u03b8\u03b5\u03c1\u03bc\u03bf\u03bc\u03bf\u03bd\u03c9\u03c4\u03b9\u03ba\u03ac \u03b4\u03b9\u03c0\u03bb\u03ac \u03c4\u03b6\u03ac\u03bc\u03b9\u03b1 \u03b3\u03b9\u03b1 \u03c7\u03b1\u03bc\u03b7\u03bb\u03cc\u03c4\u03b5\u03c1\u03b7 \u03ba\u03b1\u03c4\u03b1\u03bd\u03ac\u03bb\u03c9\u03c3\u03b7 \u03b5\u03bd\u03ad\u03c1\u03b3\u03b5\u03b9\u03b1\u03c2. %%sitename%% %%title%%","_seopress_robots_index":""},"product_cat":[558,557],"product_tag":[745],"class_list":{"0":"post-5900","1":"product","2":"type-product","3":"status-publish","4":"has-post-thumbnail","6":"product_cat-getraenke","7":"product_cat-kuehlschraenke","8":"product_tag-800-999lt-de","10":"first","11":"instock","12":"sale","13":"shipping-taxable","14":"product-type-simple"},"acf":[],"_links":{"self":[{"href":"https:\/\/www.ecofridge.gr\/de\/wp-json\/wp\/v2\/product\/5900","targetHints":{"allow":["GET"]}}],"collection":[{"href":"https:\/\/www.ecofridge.gr\/de\/wp-json\/wp\/v2\/product"}],"about":[{"href":"https:\/\/www.ecofridge.gr\/de\/wp-json\/wp\/v2\/types\/product"}],"wp:featuredmedia":[{"embeddable":true,"href":"https:\/\/www.ecofridge.gr\/de\/wp-json\/wp\/v2\/media\/6862"}],"wp:attachment":[{"href":"https:\/\/www.ecofridge.gr\/de\/wp-json\/wp\/v2\/media?parent=5900"}],"wp:term":[{"taxonomy":"product_cat","embeddable":true,"href":"https:\/\/www.ecofridge.gr\/de\/wp-json\/wp\/v2\/product_cat?post=5900"},{"taxonomy":"product_tag","embeddable":true,"href":"https:\/\/www.ecofridge.gr\/de\/wp-json\/wp\/v2\/product_tag?post=5900"}],"curies":[{"name":"wp","href":"https:\/\/api.w.org\/{rel}","templated":true}]}}