{"id":5979,"date":"2022-11-29T12:33:09","date_gmt":"2022-11-29T10:33:09","guid":{"rendered":"https:\/\/www.ecofridge.gr\/product\/cbf500h-1-5m\/"},"modified":"2024-04-25T12:19:01","modified_gmt":"2024-04-25T09:19:01","slug":"cbf500h-1-5m","status":"publish","type":"product","link":"https:\/\/www.ecofridge.gr\/de\/product\/cbf500h-1-5m\/","title":{"rendered":"CBF500H 1.5m"},"content":{"rendered":"","protected":false},"excerpt":{"rendered":"<div class=\"lRu31\" dir=\"ltr\"><span class=\"HwtZe\" lang=\"de\"><span class=\"jCAhz ChMk0b\"><span class=\"ryNqvb\">Horizontaler Gefrierschrank statisch 1,5 m.<\/span><\/span> <span class=\"jCAhz ChMk0b\"><span class=\"ryNqvb\">mit 2 geschwungenen Schiebefenstern, Regalen und Lichtern.<\/span><\/span><\/span><\/div>\n<p><span class=\"HwtZe\" lang=\"de\"><span class=\"jCAhz ChMk0b\"><span class=\"ryNqvb\">Ein Gefrierschrank mit besserer Produktpr\u00e4sentation mit Sicherheitsglas, Antibeschlag, W\u00e4rmed\u00e4mmung (geringer Emissionsgrad) f\u00fcr geringen Verbrauch, reduziertem Ger\u00e4uschpegel und Energieausweis.<\/span><\/span><\/span><\/p>\n<p><span class=\"HwtZe\" lang=\"de\"><span class=\"jCAhz ChMk0b\"><span class=\"ryNqvb\">Es verf\u00fcgt \u00fcber einen elektronischen Thermostat zur pr\u00e4zisen Temperaturregulierung und automatischen Abtauung.<\/span><\/span><\/span><\/p>\n<p>&nbsp;<\/p>\n<p>&nbsp;<\/p>\n","protected":false},"featured_media":5981,"template":"","meta":{"_acf_changed":false,"_seopress_robots_primary_cat":"none","_seopress_titles_title":"","_seopress_titles_desc":"%%sitename%% %%title%% %%sep%% %%page%% \u039f\u03c1\u03b9\u03b6\u03cc\u03bd\u03c4\u03b9\u03bf\u03c2 \u03ba\u03b1\u03c4\u03b1\u03c8\u03cd\u03ba\u03c4\u03b7\u03c2 \u03c3\u03c4\u03b1\u03c4\u03b9\u03ba\u03cc\u03c2 1,5\u03bc. \u0388\u03bd\u03b1\u03c2 \u03ba\u03b1\u03c4\u03b1\u03c8\u03cd\u03ba\u03c4\u03b7\u03c2 \u03bc\u03b5 \u03ba\u03b1\u03bb\u03cd\u03c4\u03b5\u03c1\u03b7 \u03c0\u03b1\u03c1\u03bf\u03c5\u03c3\u03af\u03b1\u03c3\u03b7 \u03c0\u03c1\u03bf\u03ca\u03cc\u03bd\u03c4\u03c9\u03bd. \u039c\u03b5 \u03c4\u03b6\u03ac\u03bc\u03b9 \u03ba\u03bf\u03c5\u03c1\u03bc\u03c0\u03b1\u03c1\u03b9\u03c3\u03c4\u03cc, \u03c4\u03b6\u03ac\u03bc\u03b9 \u03b1\u03c3\u03c6\u03b1\u03bb\u03b5\u03af\u03b1\u03c2 !","_seopress_robots_index":""},"product_cat":[562,812],"product_tag":[709],"class_list":{"0":"post-5979","1":"product","2":"type-product","3":"status-publish","4":"has-post-thumbnail","6":"product_cat-gefrierschraenke","7":"product_cat-horizontale-gefrierschraenke","8":"product_tag-400-599lt-de","10":"first","11":"instock","12":"sale","13":"shipping-taxable","14":"product-type-simple"},"acf":[],"_links":{"self":[{"href":"https:\/\/www.ecofridge.gr\/de\/wp-json\/wp\/v2\/product\/5979","targetHints":{"allow":["GET"]}}],"collection":[{"href":"https:\/\/www.ecofridge.gr\/de\/wp-json\/wp\/v2\/product"}],"about":[{"href":"https:\/\/www.ecofridge.gr\/de\/wp-json\/wp\/v2\/types\/product"}],"wp:featuredmedia":[{"embeddable":true,"href":"https:\/\/www.ecofridge.gr\/de\/wp-json\/wp\/v2\/media\/5981"}],"wp:attachment":[{"href":"https:\/\/www.ecofridge.gr\/de\/wp-json\/wp\/v2\/media?parent=5979"}],"wp:term":[{"taxonomy":"product_cat","embeddable":true,"href":"https:\/\/www.ecofridge.gr\/de\/wp-json\/wp\/v2\/product_cat?post=5979"},{"taxonomy":"product_tag","embeddable":true,"href":"https:\/\/www.ecofridge.gr\/de\/wp-json\/wp\/v2\/product_tag?post=5979"}],"curies":[{"name":"wp","href":"https:\/\/api.w.org\/{rel}","templated":true}]}}