{"id":5987,"date":"2022-11-29T12:20:40","date_gmt":"2022-11-29T10:20:40","guid":{"rendered":"https:\/\/www.ecofridge.gr\/product\/cbf700h-2-0m\/"},"modified":"2024-04-25T12:20:57","modified_gmt":"2024-04-25T09:20:57","slug":"cbf700h-2-0m","status":"publish","type":"product","link":"https:\/\/www.ecofridge.gr\/de\/product\/cbf700h-2-0m\/","title":{"rendered":"CBF700H 2.0m"},"content":{"rendered":"","protected":false},"excerpt":{"rendered":"<p><strong>\u039f\u03c1\u03b9<span class=\"HwtZe\" lang=\"de\"><span class=\"jCAhz ChMk0b C1N51c\"><span class=\"ryNqvb\">Horizontaler Gefrierschrank statisch 2m.<\/span><\/span><\/span> <span class=\"HwtZe\" lang=\"de\"><span class=\"jCAhz ChMk0b C1N51c\"><span class=\"ryNqvb\">mit 2 geschwungenen Schiebefenstern, Regalen und Lichtern.<\/span><\/span><\/span><br \/>\n<\/strong><\/p>\n<p><span class=\"HwtZe\" lang=\"de\"><span class=\"jCAhz ChMk0b\"><span class=\"ryNqvb\">Ein Gefrierschrank mit besserer Produktpr\u00e4sentation mit Sicherheitsglas, Antibeschlag, W\u00e4rmed\u00e4mmung (geringer Emissionsgrad) f\u00fcr geringen Verbrauch, reduziertem Ger\u00e4uschpegel und Energieausweis.<\/span><\/span> <\/span><\/p>\n<p><span class=\"HwtZe\" lang=\"de\"><span class=\"jCAhz ChMk0b\"><span class=\"ryNqvb\">Es verf\u00fcgt \u00fcber einen elektronischen Thermostat zur pr\u00e4zisen Temperaturregulierung und automatischen Abtauung.<\/span><\/span><\/span><\/p>\n<p>&nbsp;<\/p>\n","protected":false},"featured_media":5989,"template":"","meta":{"_acf_changed":false,"_seopress_robots_primary_cat":"none","_seopress_titles_title":"","_seopress_titles_desc":"%%sitename%% %%title%% %%sep%% %%page%% \u039f\u03c1\u03b9\u03b6\u03cc\u03bd\u03c4\u03b9\u03bf\u03c2 \u03ba\u03b1\u03c4\u03b1\u03c8\u03cd\u03ba\u03c4\u03b7\u03c2 \u03c3\u03c4\u03b1\u03c4\u03b9\u03ba\u03cc\u03c2 2\u03bc. \u03bc\u03b5 2 \u03c3\u03c5\u03c1\u03cc\u03bc\u03b5\u03bd\u03b1 \u03ba\u03bf\u03c5\u03c1\u03bc\u03c0\u03b1\u03c1\u03b9\u03c3\u03c4\u03ac \u03c4\u03b6\u03ac\u03bc\u03b9\u03b1 . \u0388\u03bd\u03b1\u03c2 \u03ba\u03b1\u03c4\u03b1\u03c8\u03cd\u03ba\u03c4\u03b7\u03c2 \u03bc\u03b5 \u03ba\u03b1\u03bb\u03cd\u03c4\u03b5\u03c1\u03b7 \u03c0\u03b1\u03c1\u03bf\u03c5\u03c3\u03af\u03b1\u03c3\u03b7 \u03c0\u03c1\u03bf\u03ca\u03cc\u03bd\u03c4\u03c9\u03bd.","_seopress_robots_index":""},"product_cat":[562,812],"product_tag":[741],"class_list":{"0":"post-5987","1":"product","2":"type-product","3":"status-publish","4":"has-post-thumbnail","6":"product_cat-gefrierschraenke","7":"product_cat-horizontale-gefrierschraenke","8":"product_tag-600-799lt-de","10":"first","11":"instock","12":"sale","13":"shipping-taxable","14":"product-type-simple"},"acf":[],"_links":{"self":[{"href":"https:\/\/www.ecofridge.gr\/de\/wp-json\/wp\/v2\/product\/5987","targetHints":{"allow":["GET"]}}],"collection":[{"href":"https:\/\/www.ecofridge.gr\/de\/wp-json\/wp\/v2\/product"}],"about":[{"href":"https:\/\/www.ecofridge.gr\/de\/wp-json\/wp\/v2\/types\/product"}],"wp:featuredmedia":[{"embeddable":true,"href":"https:\/\/www.ecofridge.gr\/de\/wp-json\/wp\/v2\/media\/5989"}],"wp:attachment":[{"href":"https:\/\/www.ecofridge.gr\/de\/wp-json\/wp\/v2\/media?parent=5987"}],"wp:term":[{"taxonomy":"product_cat","embeddable":true,"href":"https:\/\/www.ecofridge.gr\/de\/wp-json\/wp\/v2\/product_cat?post=5987"},{"taxonomy":"product_tag","embeddable":true,"href":"https:\/\/www.ecofridge.gr\/de\/wp-json\/wp\/v2\/product_tag?post=5987"}],"curies":[{"name":"wp","href":"https:\/\/api.w.org\/{rel}","templated":true}]}}