{"id":6005,"date":"2022-11-28T09:34:56","date_gmt":"2022-11-28T07:34:56","guid":{"rendered":"https:\/\/www.ecofridge.gr\/product\/cbf500\/"},"modified":"2024-04-25T12:24:00","modified_gmt":"2024-04-25T09:24:00","slug":"cbf500","status":"publish","type":"product","link":"https:\/\/www.ecofridge.gr\/de\/product\/cbf500\/","title":{"rendered":"CBF500 V (Luftgek\u00fchlt)"},"content":{"rendered":"","protected":false},"excerpt":{"rendered":"<p><strong><span class=\"HwtZe\" lang=\"de\"><span class=\"jCAhz ChMk0b\"><span class=\"ryNqvb\">Gefrierschrank mit Luft (variable Einlegeb\u00f6den) und beleuchteter Front.<\/span><\/span><\/span><\/strong><\/p>\n<p><span class=\"HwtZe\" lang=\"de\"><span class=\"jCAhz ChMk0b\"><span class=\"ryNqvb\">Mit T\u00fcrschalter (das \u00d6ffnen der T\u00fcr stoppt den L\u00fcfter) und spezieller w\u00e4rmeisolierender Sicherheitsdoppelverglasung (geringer Emissionsgrad) f\u00fcr geringeren Energieverbrauch.<\/span><\/span> <\/span><\/p>\n<p><span class=\"HwtZe\" lang=\"de\"><span class=\"jCAhz ChMk0b\"><span class=\"ryNqvb\">Es verf\u00fcgt \u00fcber beheizte Antibeschlagfenster, um Feuchtigkeit zu verhindern, und einen elektronischen Thermostat zur genauen Temperaturregulierung.<\/span><\/span> <\/span><\/p>\n<p><span class=\"HwtZe\" lang=\"de\"><span class=\"jCAhz ChMk0b\"><span class=\"ryNqvb\">Zus\u00e4tzlich 2 Reihen vertikaler LEDs (rechts\/links) f\u00fcr eine gleichm\u00e4\u00dfige Pr\u00e4sentation und automatisches Auftauen mit beheiztem Widerstand (ohne Eisbildung im Inneren).<\/span><\/span> <\/span><\/p>\n<p><span class=\"HwtZe\" lang=\"de\"><span class=\"jCAhz ChMk0b\"><span class=\"ryNqvb\">Auch T\u00fcrr\u00fcckstellung, reduzierter Ger\u00e4uschpegel, mit LED-Beleuchtung und Energieausweis.<\/span><\/span> <\/span><\/p>\n<p><span class=\"HwtZe\" lang=\"de\"><span class=\"jCAhz ChMk0b\"><span class=\"ryNqvb\">Betriebsbedingungen: 32\u02daC\/65 % relative Luftfeuchtigkeit.<\/span><\/span><\/span><\/p>\n<p>&nbsp;<\/p>\n","protected":false},"featured_media":6007,"template":"","meta":{"_acf_changed":false,"_seopress_robots_primary_cat":"none","_seopress_titles_title":"","_seopress_titles_desc":"%%sitename%% %%title%% %%sep%% \u038c\u03c1\u03b8\u03b9\u03bf\u03c2 \u03ba\u03b1\u03c4\u03b1\u03c8\u03cd\u03ba\u03c4\u03b7\u03c2 \u03bc\u03b5 \u03b1\u03ad\u03c1\u03b1 (\u03bc\u03b5\u03c4\u03b1\u03b2\u03bb\u03b7\u03c4\u03ac \u03c1\u03ac\u03c6\u03b9\u03b1) \u03ba\u03b1\u03b9 \u03c6\u03c9\u03c4\u03b9\u03b6\u03cc\u03bc\u03b5\u03bd\u03b7 \u03bc\u03b5\u03c4\u03cc\u03c0\u03b7. \u0395\u03b9\u03b4\u03b9\u03ba\u03ac \u03b8\u03b5\u03c1\u03bc\u03bf\u03bc\u03bf\u03bd\u03c9\u03c4\u03b9\u03ba\u03ac \u03b4\u03b9\u03c0\u03bb\u03ac \u03c4\u03b6\u03ac\u03bc\u03b9\u03b1 \u03b1\u03c3\u03c6\u03b1\u03bb\u03b5\u03af\u03b1\u03c2\u00a0 (low emmisivity)","_seopress_robots_index":""},"product_cat":[562,813],"product_tag":[709],"class_list":{"0":"post-6005","1":"product","2":"type-product","3":"status-publish","4":"has-post-thumbnail","6":"product_cat-gefrierschraenke","7":"product_cat-standgefrierschraenke","8":"product_tag-400-599lt-de","10":"first","11":"outofstock","12":"shipping-taxable","13":"product-type-simple"},"acf":[],"_links":{"self":[{"href":"https:\/\/www.ecofridge.gr\/de\/wp-json\/wp\/v2\/product\/6005","targetHints":{"allow":["GET"]}}],"collection":[{"href":"https:\/\/www.ecofridge.gr\/de\/wp-json\/wp\/v2\/product"}],"about":[{"href":"https:\/\/www.ecofridge.gr\/de\/wp-json\/wp\/v2\/types\/product"}],"wp:featuredmedia":[{"embeddable":true,"href":"https:\/\/www.ecofridge.gr\/de\/wp-json\/wp\/v2\/media\/6007"}],"wp:attachment":[{"href":"https:\/\/www.ecofridge.gr\/de\/wp-json\/wp\/v2\/media?parent=6005"}],"wp:term":[{"taxonomy":"product_cat","embeddable":true,"href":"https:\/\/www.ecofridge.gr\/de\/wp-json\/wp\/v2\/product_cat?post=6005"},{"taxonomy":"product_tag","embeddable":true,"href":"https:\/\/www.ecofridge.gr\/de\/wp-json\/wp\/v2\/product_tag?post=6005"}],"curies":[{"name":"wp","href":"https:\/\/api.w.org\/{rel}","templated":true}]}}