{"id":6032,"date":"2022-10-12T08:33:05","date_gmt":"2022-10-12T05:33:05","guid":{"rendered":"https:\/\/www.ecofridge.gr\/product\/cbf500-v-vdialogis\/"},"modified":"2024-04-25T12:35:36","modified_gmt":"2024-04-25T09:35:36","slug":"cbf500-v-vdialogis","status":"publish","type":"product","link":"https:\/\/www.ecofridge.gr\/de\/product\/cbf500-v-vdialogis\/","title":{"rendered":"CBF500 V Wiederaufbau"},"content":{"rendered":"","protected":false},"excerpt":{"rendered":"<p><strong><span class=\"HwtZe\" lang=\"de\"><span class=\"jCAhz ChMk0b\"><span class=\"ryNqvb\">Komplett umgebauter und kaum genutzter Gefrierschrank auf dem Markt<\/span><\/span><\/span> &#8230;&#8230;<span class=\"HwtZe\" lang=\"de\"><span class=\"jCAhz ChMk0b\"><span class=\"ryNqvb\">mit Luft (variable Einlegeb\u00f6den) .<\/span><\/span><\/span><\/strong><\/p>\n<div class=\"lRu31\" dir=\"ltr\"><span class=\"HwtZe\" lang=\"de\"><span class=\"jCAhz ChMk0b\"><span class=\"ryNqvb\">Mit T\u00fcrschalter (\u00d6ffnen der T\u00fcr stoppt den L\u00fcfter), spezieller w\u00e4rmed\u00e4mmender Sicherheits-Doppelverglasung (geringer Emissionsgrad) f\u00fcr geringeren Energieverbrauch und beleuchteter Front.<\/span><\/span> <\/span><\/div>\n<div dir=\"ltr\"><\/div>\n<div class=\"lRu31\" dir=\"ltr\"><span class=\"HwtZe\" lang=\"de\"><span class=\"jCAhz ChMk0b\"><span class=\"ryNqvb\">Es verf\u00fcgt \u00fcber beheizte Antibeschlagfenster, um Feuchtigkeit zu verhindern, und einen elektronischen Thermostat zur genauen Temperaturregulierung.<\/span><\/span> <\/span><\/div>\n<div dir=\"ltr\"><\/div>\n<div class=\"lRu31\" dir=\"ltr\"><span class=\"HwtZe\" lang=\"de\"><span class=\"jCAhz ChMk0b\"><span class=\"ryNqvb\">Zus\u00e4tzlich 2 Reihen vertikaler LEDs (rechts\/links) f\u00fcr eine gleichm\u00e4\u00dfige Pr\u00e4sentation und automatisches Auftauen mit beheiztem Widerstand (ohne Eisbildung im Inneren).<\/span><\/span> <\/span><\/div>\n<div dir=\"ltr\"><\/div>\n<div class=\"lRu31\" dir=\"ltr\"><span class=\"HwtZe\" lang=\"de\"><span class=\"jCAhz ChMk0b\"><span class=\"ryNqvb\">Auch T\u00fcrr\u00fcckstellung, reduzierter Ger\u00e4uschpegel, mit LED-Beleuchtung und Energieausweis.<\/span><\/span> <\/span><\/div>\n<div dir=\"ltr\"><\/div>\n<div class=\"lRu31\" dir=\"ltr\">\n<p><span class=\"HwtZe\" lang=\"de\"><span class=\"jCAhz ChMk0b\"><span class=\"ryNqvb\">Betriebsbedingungen: 32\u02daC\/65 % relative Luftfeuchtigkeit.<\/span><\/span><\/span><\/p>\n<div class=\"OvtS8d\"><\/div>\n<div id=\"ow7898\"><\/div>\n<\/div>\n<div class=\"UdTY9 WdefRb\" aria-hidden=\"true\" data-location=\"2\">\n<div class=\"kO6q6e\"><\/div>\n<\/div>\n<p>&nbsp;<\/p>\n","protected":false},"featured_media":6007,"template":"","meta":{"_acf_changed":false,"_seopress_robots_primary_cat":"none","_seopress_titles_title":"","_seopress_titles_desc":"%%sitename%% \u038c\u03c1\u03b8\u03b9\u03bf\u03c2 \u03ba\u03b1\u03c4\u03b1\u03c8\u03cd\u03ba\u03c4\u03b7\u03c2 \u03bc\u03b5 \u03b1\u03ad\u03c1\u03b1 (\u03bc\u03b5\u03c4\u03b1\u03b2\u03bb\u03b7\u03c4\u03ac \u03c1\u03ac\u03c6\u03b9\u03b1) \u03ba\u03b1\u03b9 \u03c6\u03c9\u03c4\u03b9\u03b6\u03cc\u03bc\u03b5\u03bd\u03b7 \u03bc\u03b5\u03c4\u03cc\u03c0\u03b7. \u0395\u03b9\u03b4\u03b9\u03ba\u03ac \u03b8\u03b5\u03c1\u03bc\u03bf\u03bc\u03bf\u03bd\u03c9\u03c4\u03b9\u03ba\u03ac \u03b4\u03b9\u03c0\u03bb\u03ac \u03c4\u03b6\u03ac\u03bc\u03b9\u03b1 \u03b1\u03c3\u03c6\u03b1\u03bb\u03b5\u03af\u03b1\u03c2\u00a0 (low emmisivity)","_seopress_robots_index":""},"product_cat":[564],"product_tag":[709],"class_list":{"0":"post-6032","1":"product","2":"type-product","3":"status-publish","4":"has-post-thumbnail","6":"product_cat-renoviert","7":"product_tag-400-599lt-de","9":"first","10":"outofstock","11":"shipping-taxable","12":"product-type-simple"},"acf":[],"_links":{"self":[{"href":"https:\/\/www.ecofridge.gr\/de\/wp-json\/wp\/v2\/product\/6032","targetHints":{"allow":["GET"]}}],"collection":[{"href":"https:\/\/www.ecofridge.gr\/de\/wp-json\/wp\/v2\/product"}],"about":[{"href":"https:\/\/www.ecofridge.gr\/de\/wp-json\/wp\/v2\/types\/product"}],"wp:featuredmedia":[{"embeddable":true,"href":"https:\/\/www.ecofridge.gr\/de\/wp-json\/wp\/v2\/media\/6007"}],"wp:attachment":[{"href":"https:\/\/www.ecofridge.gr\/de\/wp-json\/wp\/v2\/media?parent=6032"}],"wp:term":[{"taxonomy":"product_cat","embeddable":true,"href":"https:\/\/www.ecofridge.gr\/de\/wp-json\/wp\/v2\/product_cat?post=6032"},{"taxonomy":"product_tag","embeddable":true,"href":"https:\/\/www.ecofridge.gr\/de\/wp-json\/wp\/v2\/product_tag?post=6032"}],"curies":[{"name":"wp","href":"https:\/\/api.w.org\/{rel}","templated":true}]}}