{"id":6034,"date":"2022-10-12T08:25:47","date_gmt":"2022-10-12T05:25:47","guid":{"rendered":"https:\/\/www.ecofridge.gr\/product\/s76-vitrina-syntirisis-anakataskevis-400lt\/"},"modified":"2024-04-24T15:29:44","modified_gmt":"2024-04-24T12:29:44","slug":"s76-vitrina-syntirisis-anakataskevis-400lt","status":"publish","type":"product","link":"https:\/\/www.ecofridge.gr\/de\/product\/s76-vitrina-syntirisis-anakataskevis-400lt\/","title":{"rendered":"S76 Wartungsvitrine neu aufbauen 400lt"},"content":{"rendered":"","protected":false},"excerpt":{"rendered":"<p><span class=\"HwtZe\" lang=\"de\"><span class=\"jCAhz ChMk0b\"><span class=\"ryNqvb\">\u00dcberholter K\u00fchlschrank mit einer T\u00fcr, 422 Liter<\/span><\/span> <span class=\"jCAhz ChMk0b\"><span class=\"ryNqvb\">Vollst\u00e4ndig restauriert, zu \u00f6ffnende T\u00fcr mit M\u00f6glichkeit zum Richtungswechsel!<\/span><\/span> <span class=\"jCAhz ChMk0b\"><span class=\"ryNqvb\">und mit Luftstrom.<\/span><\/span> <\/span><\/p>\n<p><span class=\"HwtZe\" lang=\"de\"><span class=\"jCAhz ChMk0b\"><span class=\"ryNqvb\">Es verf\u00fcgt \u00fcber einen elektronischen Carel-Thermostat mit der M\u00f6glichkeit, die Lichter und LEDs auf beiden Seiten der Kabine zu steuern.<\/span><\/span> <\/span><\/p>\n<p><span class=\"HwtZe\" lang=\"de\"><span class=\"jCAhz ChMk0b\"><span class=\"ryNqvb\">Der Zugang zum elektronischen Thermostat ist durch einfaches Anheben der Front sehr einfach.<\/span><\/span><\/span><\/p>\n","protected":false},"featured_media":5620,"template":"","meta":{"_acf_changed":false,"_seopress_robots_primary_cat":"none","_seopress_titles_title":"","_seopress_titles_desc":"","_seopress_robots_index":""},"product_cat":[564],"product_tag":[709],"class_list":{"0":"post-6034","1":"product","2":"type-product","3":"status-publish","4":"has-post-thumbnail","6":"product_cat-renoviert","7":"product_tag-400-599lt-de","9":"first","10":"outofstock","11":"shipping-taxable","12":"product-type-simple"},"acf":[],"_links":{"self":[{"href":"https:\/\/www.ecofridge.gr\/de\/wp-json\/wp\/v2\/product\/6034","targetHints":{"allow":["GET"]}}],"collection":[{"href":"https:\/\/www.ecofridge.gr\/de\/wp-json\/wp\/v2\/product"}],"about":[{"href":"https:\/\/www.ecofridge.gr\/de\/wp-json\/wp\/v2\/types\/product"}],"wp:featuredmedia":[{"embeddable":true,"href":"https:\/\/www.ecofridge.gr\/de\/wp-json\/wp\/v2\/media\/5620"}],"wp:attachment":[{"href":"https:\/\/www.ecofridge.gr\/de\/wp-json\/wp\/v2\/media?parent=6034"}],"wp:term":[{"taxonomy":"product_cat","embeddable":true,"href":"https:\/\/www.ecofridge.gr\/de\/wp-json\/wp\/v2\/product_cat?post=6034"},{"taxonomy":"product_tag","embeddable":true,"href":"https:\/\/www.ecofridge.gr\/de\/wp-json\/wp\/v2\/product_tag?post=6034"}],"curies":[{"name":"wp","href":"https:\/\/api.w.org\/{rel}","templated":true}]}}