{"id":6035,"date":"2022-10-12T08:20:44","date_gmt":"2022-10-12T05:20:44","guid":{"rendered":"https:\/\/www.ecofridge.gr\/product\/refurbished-600-litra\/"},"modified":"2024-04-24T15:31:14","modified_gmt":"2024-04-24T12:31:14","slug":"refurbished-600-litra","status":"publish","type":"product","link":"https:\/\/www.ecofridge.gr\/de\/product\/refurbished-600-litra\/","title":{"rendered":"UBC Rekonstruktionsk\u00fchlschrank"},"content":{"rendered":"","protected":false},"excerpt":{"rendered":"<div class=\"lRu31\" dir=\"ltr\"><span class=\"HwtZe\" lang=\"de\"><span class=\"jCAhz ChMk0b\"><span class=\"ryNqvb\">\u00dcberholter K\u00fchlschrank mit einer T\u00fcr, 600 Liter<\/span><\/span> <span class=\"jCAhz ChMk0b\"><span class=\"ryNqvb\">Mit vollst\u00e4ndiger Restaurierung, zu \u00f6ffnender T\u00fcr und mit Luftstrom.<\/span><\/span><\/span><\/p>\n<div class=\"OvtS8d\"><\/div>\n<div id=\"ow8070\"><\/div>\n<\/div>\n<div class=\"UdTY9 WdefRb\" aria-hidden=\"true\" data-location=\"2\">\n<div class=\"kO6q6e\"><\/div>\n<\/div>\n","protected":false},"featured_media":6037,"template":"","meta":{"_acf_changed":false,"_seopress_robots_primary_cat":"none","_seopress_titles_title":"","_seopress_titles_desc":"%%sitename%% % %%title%% %%sep%% \u039c\u03b5 \u03c0\u03bb\u03ae\u03c1\u03b7 \u03b1\u03bd\u03b1\u03c0\u03b1\u03bb\u03b1\u03af\u03c9\u03c3\u03b7, \u03b1\u03bd\u03bf\u03b9\u03b3\u03cc\u03bc\u03b5\u03bd\u03b7 \u03c0\u03cc\u03c1\u03c4\u03b1 \u03ba\u03b1\u03b9 \u03bc\u03b5 \u03c1\u03bf\u03ae \u03b1\u03ad\u03c1\u03b1.\u00a0 \u03a8\u03c5\u03b3\u03b5\u03af\u03b1 \u03c3\u03b1\u03bd \u03ba\u03b1\u03b9\u03bd\u03bf\u03cd\u03c1\u03b3\u03b9\u03b1 \u03bc\u03b5 3 \u03bc\u03ae\u03bd\u03b5\u03c2 \u03b5\u03b3\u03b3\u03cd\u03b7\u03c3\u03b7.","_seopress_robots_index":""},"product_cat":[564],"product_tag":[741],"class_list":{"0":"post-6035","1":"product","2":"type-product","3":"status-publish","4":"has-post-thumbnail","6":"product_cat-renoviert","7":"product_tag-600-799lt-de","9":"first","10":"instock","11":"shipping-taxable","12":"product-type-simple"},"acf":[],"_links":{"self":[{"href":"https:\/\/www.ecofridge.gr\/de\/wp-json\/wp\/v2\/product\/6035","targetHints":{"allow":["GET"]}}],"collection":[{"href":"https:\/\/www.ecofridge.gr\/de\/wp-json\/wp\/v2\/product"}],"about":[{"href":"https:\/\/www.ecofridge.gr\/de\/wp-json\/wp\/v2\/types\/product"}],"wp:featuredmedia":[{"embeddable":true,"href":"https:\/\/www.ecofridge.gr\/de\/wp-json\/wp\/v2\/media\/6037"}],"wp:attachment":[{"href":"https:\/\/www.ecofridge.gr\/de\/wp-json\/wp\/v2\/media?parent=6035"}],"wp:term":[{"taxonomy":"product_cat","embeddable":true,"href":"https:\/\/www.ecofridge.gr\/de\/wp-json\/wp\/v2\/product_cat?post=6035"},{"taxonomy":"product_tag","embeddable":true,"href":"https:\/\/www.ecofridge.gr\/de\/wp-json\/wp\/v2\/product_tag?post=6035"}],"curies":[{"name":"wp","href":"https:\/\/api.w.org\/{rel}","templated":true}]}}