{"id":6058,"date":"2022-10-09T11:56:56","date_gmt":"2022-10-09T08:56:56","guid":{"rendered":"https:\/\/www.ecofridge.gr\/product\/super122-sd-vitrina-syntirisis-dipli-anakataskevis-me-siromenes-portes-1018lt\/"},"modified":"2024-04-24T16:35:55","modified_gmt":"2024-04-24T13:35:55","slug":"super122-sd-vitrina-syntirisis-dipli-anakataskevis-me-siromenes-portes-1018lt","status":"publish","type":"product","link":"https:\/\/www.ecofridge.gr\/de\/product\/super122-sd-vitrina-syntirisis-dipli-anakataskevis-me-siromenes-portes-1018lt\/","title":{"rendered":"SUPER122 SD Doppelrekonstruktions-Wartungsvitrine mit Schiebet\u00fcren 1018lt"},"content":{"rendered":"","protected":false},"excerpt":{"rendered":"<p><strong><span class=\"HwtZe\" lang=\"de\"><span class=\"jCAhz ChMk0b\"><span class=\"ryNqvb\">Erfrischungsk\u00fchlschrank<\/span><\/span><\/span><\/strong><\/p>\n<div class=\"lRu31\" dir=\"ltr\"><span class=\"HwtZe\" lang=\"de\"><span class=\"jCAhz ChMk0b\"><span class=\"ryNqvb\">Mit kompletter Restaurierung, Schiebet\u00fcren, mit beschleunigter K\u00fchlung, LED an den Seiten der Kabine sowie T\u00fcren mit Glas ganz nach unten f\u00fcr bessere Sicht auf die Produkte und ohne S\u00e4ule in der Mitte.<\/span><\/span><\/span><\/div>\n<div dir=\"ltr\"><\/div>\n<div class=\"lRu31\" dir=\"ltr\"><span class=\"HwtZe\" lang=\"de\"> <span class=\"jCAhz ChMk0b\"><span class=\"ryNqvb\">Baujahr 2014-7<\/span><\/span><\/span><\/p>\n<div class=\"OvtS8d\"><\/div>\n<div id=\"ow3803\"><\/div>\n<\/div>\n<div class=\"UdTY9 WdefRb\" aria-hidden=\"true\" data-location=\"2\">\n<div class=\"kO6q6e\"><\/div>\n<\/div>\n<p>&nbsp;<\/p>\n<p>&nbsp;<\/p>\n","protected":false},"featured_media":5584,"template":"","meta":{"_acf_changed":false,"_seopress_robots_primary_cat":"none","_seopress_titles_title":"","_seopress_titles_desc":"","_seopress_robots_index":""},"product_cat":[564],"product_tag":[751],"class_list":{"0":"post-6058","1":"product","2":"type-product","3":"status-publish","4":"has-post-thumbnail","6":"product_cat-renoviert","7":"product_tag-1200-1399lt-de","9":"first","10":"outofstock","11":"shipping-taxable","12":"product-type-simple"},"acf":[],"_links":{"self":[{"href":"https:\/\/www.ecofridge.gr\/de\/wp-json\/wp\/v2\/product\/6058","targetHints":{"allow":["GET"]}}],"collection":[{"href":"https:\/\/www.ecofridge.gr\/de\/wp-json\/wp\/v2\/product"}],"about":[{"href":"https:\/\/www.ecofridge.gr\/de\/wp-json\/wp\/v2\/types\/product"}],"wp:featuredmedia":[{"embeddable":true,"href":"https:\/\/www.ecofridge.gr\/de\/wp-json\/wp\/v2\/media\/5584"}],"wp:attachment":[{"href":"https:\/\/www.ecofridge.gr\/de\/wp-json\/wp\/v2\/media?parent=6058"}],"wp:term":[{"taxonomy":"product_cat","embeddable":true,"href":"https:\/\/www.ecofridge.gr\/de\/wp-json\/wp\/v2\/product_cat?post=6058"},{"taxonomy":"product_tag","embeddable":true,"href":"https:\/\/www.ecofridge.gr\/de\/wp-json\/wp\/v2\/product_tag?post=6058"}],"curies":[{"name":"wp","href":"https:\/\/api.w.org\/{rel}","templated":true}]}}