{"id":6059,"date":"2022-10-09T10:36:22","date_gmt":"2022-10-09T07:36:22","guid":{"rendered":"https:\/\/www.ecofridge.gr\/product\/uss1200-vitrina-syntirisis-dipli-me-anoigomenes-portes-anakataskevis-1052\/"},"modified":"2024-04-24T16:38:03","modified_gmt":"2024-04-24T13:38:03","slug":"uss1200-vitrina-syntirisis-dipli-me-anoigomenes-portes-anakataskevis-1052","status":"publish","type":"product","link":"https:\/\/www.ecofridge.gr\/de\/product\/uss1200-vitrina-syntirisis-dipli-me-anoigomenes-portes-anakataskevis-1052\/","title":{"rendered":"USS1200 Doppelrekonstruktions-Wartungsvitrine mit zu \u00f6ffnenden T\u00fcren  1052lt"},"content":{"rendered":"","protected":false},"excerpt":{"rendered":"<p><strong><span class=\"HwtZe\" lang=\"de\"><span class=\"jCAhz ChMk0b\"><span class=\"ryNqvb\">Erfrischungsk\u00fchlschrank<\/span><\/span><\/span><\/strong><\/p>\n<p><span class=\"HwtZe\" lang=\"de\"><span class=\"jCAhz ChMk0b\"><span class=\"ryNqvb\">Mit kompletter Restaurierung, T\u00fcren zum \u00d6ffnen, mit beschleunigter K\u00fchlung, LEDs rund um die T\u00fcr und im oberen Teil der Kabine sowie Ganzglast\u00fcren (rahmenlos &amp; geh\u00e4rtet).<\/span><\/span><\/span><\/p>\n<p>&nbsp;<\/p>\n","protected":false},"featured_media":5551,"template":"","meta":{"_acf_changed":false,"_seopress_robots_primary_cat":"none","_seopress_titles_title":"","_seopress_titles_desc":"","_seopress_robots_index":""},"product_cat":[564],"product_tag":[787],"class_list":{"0":"post-6059","1":"product","2":"type-product","3":"status-publish","4":"has-post-thumbnail","6":"product_cat-renoviert","7":"product_tag-1000-1199lt-de","9":"first","10":"instock","11":"shipping-taxable","12":"product-type-simple"},"acf":[],"_links":{"self":[{"href":"https:\/\/www.ecofridge.gr\/de\/wp-json\/wp\/v2\/product\/6059","targetHints":{"allow":["GET"]}}],"collection":[{"href":"https:\/\/www.ecofridge.gr\/de\/wp-json\/wp\/v2\/product"}],"about":[{"href":"https:\/\/www.ecofridge.gr\/de\/wp-json\/wp\/v2\/types\/product"}],"wp:featuredmedia":[{"embeddable":true,"href":"https:\/\/www.ecofridge.gr\/de\/wp-json\/wp\/v2\/media\/5551"}],"wp:attachment":[{"href":"https:\/\/www.ecofridge.gr\/de\/wp-json\/wp\/v2\/media?parent=6059"}],"wp:term":[{"taxonomy":"product_cat","embeddable":true,"href":"https:\/\/www.ecofridge.gr\/de\/wp-json\/wp\/v2\/product_cat?post=6059"},{"taxonomy":"product_tag","embeddable":true,"href":"https:\/\/www.ecofridge.gr\/de\/wp-json\/wp\/v2\/product_tag?post=6059"}],"curies":[{"name":"wp","href":"https:\/\/api.w.org\/{rel}","templated":true}]}}