{"id":7264,"date":"2022-12-04T06:40:32","date_gmt":"2022-12-04T04:40:32","guid":{"rendered":"https:\/\/www.ecofridge.gr\/?post_type=product&#038;p=7264"},"modified":"2025-09-01T09:24:20","modified_gmt":"2025-09-01T06:24:20","slug":"cb1600-hd-woc-antigrafi-antigrafi","status":"publish","type":"product","link":"https:\/\/www.ecofridge.gr\/de\/product\/cb1600-hd-woc-antigrafi-antigrafi\/","title":{"rendered":"CB1600 HD WOC (\u0391\u03bd\u03c4\u03b9\u03b3\u03c1\u03b1\u03c6\u03ae) (\u0391\u03bd\u03c4\u03b9\u03b3\u03c1\u03b1\u03c6\u03ae)"},"content":{"rendered":"","protected":false},"excerpt":{"rendered":"<p><strong><span class=\"HwtZe\" lang=\"de\"><span class=\"jCAhz ChMk0b\"><span class=\"ryNqvb\">Dreifacher Premium-Getr\u00e4nkek\u00fchler in Schwarz.<\/span><\/span><\/span><\/strong><\/p>\n<div class=\"lRu31\" dir=\"ltr\"><span class=\"HwtZe\" lang=\"de\"><span class=\"jCAhz ChMk0b\"><span class=\"ryNqvb\">Mit einem elektronischen Thermostat zur genauen Temperaturregelung sowie einem Energiesparsystem (es schaltet das Licht aus und erh\u00f6ht die Temperatur ein wenig, w\u00e4hrend wir es einschalten, wenn wir wollen).<\/span><\/span><\/span><\/div>\n<div dir=\"ltr\"><\/div>\n<div class=\"lRu31\" dir=\"ltr\"><span class=\"HwtZe\" lang=\"de\"> <span class=\"jCAhz ChMk0b\"><span class=\"ryNqvb\">Es verf\u00fcgt au\u00dferdem \u00fcber einen T\u00fcrschalter (das \u00d6ffnen der T\u00fcr stoppt den L\u00fcfter) und eine spezielle w\u00e4rmeisolierende Doppelverglasung (geringer Emissionsgrad) und Blendschutz f\u00fcr noch geringeren Energieverbrauch.<\/span><\/span> <\/span><\/div>\n<div dir=\"ltr\"><\/div>\n<div class=\"lRu31\" dir=\"ltr\"><span class=\"HwtZe\" lang=\"de\"><span class=\"jCAhz ChMk0b\"><span class=\"ryNqvb\">Ideal f\u00fcr die Platzierung in jeder hoch\u00e4sthetischen Umgebung.<\/span><\/span> <\/span><\/div>\n<div dir=\"ltr\"><\/div>\n<div class=\"lRu31\" dir=\"ltr\"><span class=\"HwtZe\" lang=\"de\"><span class=\"jCAhz ChMk0b\"><span class=\"ryNqvb\">Es verf\u00fcgt \u00fcber eine T\u00fcrr\u00fcckstellung, einen reduzierten Ger\u00e4uschpegel, eine LED-Beleuchtung und einen Energieausweis.<\/span><\/span> <\/span><\/div>\n<div dir=\"ltr\"><\/div>\n<div class=\"lRu31\" dir=\"ltr\">\n<p><span class=\"HwtZe\" lang=\"de\"><span class=\"jCAhz ChMk0b\"><span class=\"ryNqvb\">Betriebsbedingungen: 32\u02daC\/65 % relative Luftfeuchtigkeit.<\/span><\/span><\/span><\/p>\n<div class=\"OvtS8d\"><\/div>\n<div id=\"ow5707\"><\/div>\n<\/div>\n<div class=\"UdTY9 WdefRb\" aria-hidden=\"true\" data-location=\"2\">\n<div class=\"kO6q6e\"><\/div>\n<\/div>\n<p>&nbsp;<\/p>\n","protected":false},"featured_media":7269,"template":"","meta":{"_acf_changed":false,"_seopress_robots_primary_cat":"none","_seopress_titles_title":"%%post_title%% %%sep%% %%sitetitle%%","_seopress_titles_desc":"\u03a4\u03c1\u03b9\u03c0\u03bb\u03cc premium all black \u03c8\u03c5\u03b3\u03b5\u03af\u03bf \u03b1\u03bd\u03b1\u03c8\u03c5\u03ba\u03c4\u03b9\u03ba\u03ce\u03bd. \u0399\u03b4\u03b1\u03bd\u03b9\u03ba\u03cc \u03b3\u03b9\u03b1 \u03c4\u03b7\u03bd \u03c4\u03bf\u03c0\u03bf\u03b8\u03ad\u03c4\u03b7\u03c3\u03b7 \u03c3\u03b5 \u03bf\u03c0\u03bf\u03b9\u03bf\u03b4\u03ae\u03c0\u03bf\u03c4\u03b5 \u03c0\u03b5\u03c1\u03b9\u03b2\u03ac\u03bb\u03bb\u03bf\u03bd \u03c5\u03c8\u03b7\u03bb\u03ae\u03c2 \u03b1\u03b9\u03c3\u03b8\u03b7\u03c4\u03b9\u03ba\u03ae\u03c2. \u03a3\u03c5\u03bd\u03b8\u03ae\u03ba\u03b5\u03c2 \u039b\u03b5\u03b9\u03c4\u03bf\u03c5\u03c1\u03b3\u03b5\u03af\u03b1\u03c2 : 32\u02daC\/65%","_seopress_robots_index":""},"product_cat":[558,557],"product_tag":[853],"class_list":{"0":"post-7264","1":"product","2":"type-product","3":"status-publish","4":"has-post-thumbnail","6":"product_cat-getraenke","7":"product_cat-kuehlschraenke","8":"product_tag-1600-2000lt-de","10":"first","11":"outofstock","12":"sale","13":"shipping-taxable","14":"product-type-simple"},"acf":[],"_links":{"self":[{"href":"https:\/\/www.ecofridge.gr\/de\/wp-json\/wp\/v2\/product\/7264","targetHints":{"allow":["GET"]}}],"collection":[{"href":"https:\/\/www.ecofridge.gr\/de\/wp-json\/wp\/v2\/product"}],"about":[{"href":"https:\/\/www.ecofridge.gr\/de\/wp-json\/wp\/v2\/types\/product"}],"wp:featuredmedia":[{"embeddable":true,"href":"https:\/\/www.ecofridge.gr\/de\/wp-json\/wp\/v2\/media\/7269"}],"wp:attachment":[{"href":"https:\/\/www.ecofridge.gr\/de\/wp-json\/wp\/v2\/media?parent=7264"}],"wp:term":[{"taxonomy":"product_cat","embeddable":true,"href":"https:\/\/www.ecofridge.gr\/de\/wp-json\/wp\/v2\/product_cat?post=7264"},{"taxonomy":"product_tag","embeddable":true,"href":"https:\/\/www.ecofridge.gr\/de\/wp-json\/wp\/v2\/product_tag?post=7264"}],"curies":[{"name":"wp","href":"https:\/\/api.w.org\/{rel}","templated":true}]}}