{"id":7292,"date":"2023-02-09T10:49:53","date_gmt":"2023-02-09T08:49:53","guid":{"rendered":"https:\/\/www.ecofridge.gr\/?post_type=product&#038;p=7292"},"modified":"2025-09-12T09:59:07","modified_gmt":"2025-09-12T06:59:07","slug":"cb380s-1-8-woc-antigrafi-antigrafi","status":"publish","type":"product","link":"https:\/\/www.ecofridge.gr\/de\/product\/cb380s-1-8-woc-antigrafi-antigrafi\/","title":{"rendered":"CB380S 1.8 WOC (\u0391\u03bd\u03c4\u03b9\u03b3\u03c1\u03b1\u03c6\u03ae) (\u0391\u03bd\u03c4\u03b9\u03b3\u03c1\u03b1\u03c6\u03ae)"},"content":{"rendered":"","protected":false},"excerpt":{"rendered":"<p><strong><span class=\"HwtZe\" lang=\"de\"><span class=\"jCAhz ChMk0b\"><span class=\"ryNqvb\">Getr\u00e4nkek\u00fchlschrank ohne Theke, 1,80 m hoch.<\/span><\/span><\/span><\/strong><\/p>\n<div class=\"lRu31\" dir=\"ltr\"><span class=\"HwtZe\" lang=\"de\"><span class=\"jCAhz ChMk0b\"><span class=\"ryNqvb\">Mit w\u00e4rmeisolierendem Spezialglas f\u00fcr geringeren Energieverbrauch, einfach zu montierenden Einlegeb\u00f6den und mit T\u00fcrschalter (stoppt den Ventilator beim \u00d6ffnen der T\u00fcr).<\/span><\/span> <\/span><\/div>\n<div class=\"lRu31\" dir=\"ltr\"><span class=\"HwtZe\" lang=\"de\"><span class=\"jCAhz ChMk0b\"><span class=\"ryNqvb\">Mit doppeltem Sicherheitsglas, entspiegeltem Glas und reduziertem Ger\u00e4uschpegel.<\/span><\/span> <\/span><\/div>\n<div class=\"lRu31\" dir=\"ltr\"><span class=\"HwtZe\" lang=\"de\"><span class=\"jCAhz ChMk0b\"><span class=\"ryNqvb\">Mit LED-Beleuchtung (senkrecht zur K\u00fchlkabine) und Energieausweis.<\/span><\/span> <\/span><\/div>\n<div class=\"lRu31\" dir=\"ltr\">\n<p><span class=\"HwtZe\" lang=\"de\"><span class=\"jCAhz ChMk0b\"><span class=\"ryNqvb\">Betriebsbedingungen: 32\u02daC\/65 % relative Luftfeuchtigkeit.<\/span><\/span><\/span><\/p>\n<div class=\"OvtS8d\"><\/div>\n<div id=\"ow3835\"><\/div>\n<\/div>\n<div class=\"UdTY9 WdefRb\" aria-hidden=\"true\" data-location=\"2\">\n<div class=\"kO6q6e\"><\/div>\n<\/div>\n<p>&nbsp;<\/p>\n<p>&nbsp;<\/p>\n","protected":false},"featured_media":7289,"template":"","meta":{"_acf_changed":false,"_seopress_robots_primary_cat":"none","_seopress_titles_title":"%%post_title%% %%sep%% %%sitetitle%%","_seopress_titles_desc":"\u03a8\u03c5\u03b3\u03b5\u03af\u03bf \u03b1\u03bd\u03b1\u03c8\u03c5\u03ba\u03c4\u03b9\u03ba\u03ce\u03bd \u03c7\u03c9\u03c1\u03af\u03c2 \u03bc\u03b5\u03c4\u03cc\u03c0\u03b7, \u03c3\u03c4\u03bf 1.80 \u03bc.\u039c\u03b5 \u03b4\u03b9\u03c0\u03bb\u03cc \u03c4\u03b6\u03ac\u03bc\u03b9 \u03b1\u03c3\u03c6\u03b1\u03bb\u03b5\u03af\u03b1\u03c2, \u03b1\u03bd\u03c4\u03b9\u03b8\u03b1\u03bc\u03b2\u03c9\u03c4\u03b9\u03ba\u03ac \u03c4\u03b6\u03ac\u03bc\u03b9\u03b1 \u03ba\u03b1\u03b9 \u03bc\u03b5\u03b9\u03c9\u03bc\u03ad\u03bd\u03b7 \u03c3\u03c4\u03ac\u03b8\u03bc\u03b7 \u03b8\u03bf\u03c1\u03cd\u03b2\u03bf\u03c5. %%sitename%%","_seopress_robots_index":""},"product_cat":[558,557],"product_tag":[660],"class_list":{"0":"post-7292","1":"product","2":"type-product","3":"status-publish","4":"has-post-thumbnail","6":"product_cat-getraenke","7":"product_cat-kuehlschraenke","8":"product_tag-200-399lt-de","10":"first","11":"outofstock","12":"featured","13":"shipping-taxable","14":"product-type-simple"},"acf":[],"_links":{"self":[{"href":"https:\/\/www.ecofridge.gr\/de\/wp-json\/wp\/v2\/product\/7292","targetHints":{"allow":["GET"]}}],"collection":[{"href":"https:\/\/www.ecofridge.gr\/de\/wp-json\/wp\/v2\/product"}],"about":[{"href":"https:\/\/www.ecofridge.gr\/de\/wp-json\/wp\/v2\/types\/product"}],"wp:featuredmedia":[{"embeddable":true,"href":"https:\/\/www.ecofridge.gr\/de\/wp-json\/wp\/v2\/media\/7289"}],"wp:attachment":[{"href":"https:\/\/www.ecofridge.gr\/de\/wp-json\/wp\/v2\/media?parent=7292"}],"wp:term":[{"taxonomy":"product_cat","embeddable":true,"href":"https:\/\/www.ecofridge.gr\/de\/wp-json\/wp\/v2\/product_cat?post=7292"},{"taxonomy":"product_tag","embeddable":true,"href":"https:\/\/www.ecofridge.gr\/de\/wp-json\/wp\/v2\/product_tag?post=7292"}],"curies":[{"name":"wp","href":"https:\/\/api.w.org\/{rel}","templated":true}]}}