{"id":7320,"date":"2023-01-13T09:40:21","date_gmt":"2023-01-13T07:40:21","guid":{"rendered":"https:\/\/www.ecofridge.gr\/?post_type=product&#038;p=7320"},"modified":"2025-09-22T09:55:23","modified_gmt":"2025-09-22T06:55:23","slug":"cb600-all-black-antigrafi","status":"publish","type":"product","link":"https:\/\/www.ecofridge.gr\/de\/product\/cb600-all-black-antigrafi\/","title":{"rendered":"CB600 All Black (\u0391\u03bd\u03c4\u03b9\u03b3\u03c1\u03b1\u03c6\u03ae)"},"content":{"rendered":"","protected":false},"excerpt":{"rendered":"<p><strong><span class=\"HwtZe\" lang=\"de\"><span class=\"jCAhz ChMk0b\"><span class=\"ryNqvb\">Erstklassiger, komplett schwarzer Softdrink-K\u00fchler mit schwarzer Au\u00dfenfront.<\/span><\/span><\/span><\/strong><\/p>\n<p><span class=\"HwtZe\" lang=\"de\"><span class=\"jCAhz ChMk0b\"><span class=\"ryNqvb\">Mit T\u00fcrschalter (das \u00d6ffnen der T\u00fcr stoppt den L\u00fcfter), spezieller w\u00e4rmeisolierender Doppelverglasung (geringer Emissionsgrad) und einfach zu installierenden Regalen.<\/span><\/span> <\/span><\/p>\n<p><span class=\"HwtZe\" lang=\"de\"><span class=\"jCAhz ChMk0b\"><span class=\"ryNqvb\">Ideal f\u00fcr den Einsatz in jeder hoch\u00e4sthetischen Umgebung.<\/span><\/span> <\/span><\/p>\n<p><span class=\"HwtZe\" lang=\"de\"><span class=\"jCAhz ChMk0b\"><span class=\"ryNqvb\">Es verf\u00fcgt \u00fcber eine T\u00fcrr\u00fcckstellung, einen reduzierten Ger\u00e4uschpegel, LED-Beleuchtung und einen Energieausweis.<\/span><\/span> <\/span><\/p>\n<p><span class=\"HwtZe\" lang=\"de\"><span class=\"jCAhz ChMk0b\"><span class=\"ryNqvb\">Betriebsbedingungen: 32\u02daC\/65 % relative Luftfeuchtigkeit.<\/span><\/span><\/span><\/p>\n<p>&nbsp;<\/p>\n","protected":false},"featured_media":7309,"template":"","meta":{"_acf_changed":false,"_seopress_robots_primary_cat":"none","_seopress_titles_title":"","_seopress_titles_desc":"Premium all black \u03c8\u03c5\u03b3\u03b5\u03af\u03bf \u03b1\u03bd\u03b1\u03c8\u03c5\u03ba\u03c4\u03b9\u03ba\u03ce\u03bd. \u0394\u03b9\u03b1\u03b8\u03ad\u03c4\u03b5\u03b9 \u03b5\u03c0\u03b1\u03bd\u03b1\u03c6\u03bf\u03c1\u03ac \u03c0\u03cc\u03c1\u03c4\u03b1\u03c2, \u03bc\u03b5\u03b9\u03c9\u03bc\u03ad\u03bd\u03b7 \u03c3\u03c4\u03ac\u03b8\u03bc\u03b7 \u03b8\u03bf\u03c1\u03cd\u03b2\u03bf\u03c5 ,\u03c6\u03c9\u03c4\u03b9\u03c3\u03bc\u03cc led \u03ba\u03b1\u03b9 \u03b5\u03bd\u03b5\u03c1\u03b3\u03b5\u03b9\u03b1\u03ba\u03cc \u03c0\u03b9\u03c3\u03c4\u03bf\u03c0\u03bf\u03b9\u03b7\u03c4\u03b9\u03ba\u03cc.","_seopress_robots_index":""},"product_cat":[558,557],"product_tag":[709],"class_list":{"0":"post-7320","1":"product","2":"type-product","3":"status-publish","4":"has-post-thumbnail","6":"product_cat-getraenke","7":"product_cat-kuehlschraenke","8":"product_tag-400-599lt-de","10":"first","11":"instock","12":"featured","13":"shipping-taxable","14":"product-type-simple"},"acf":[],"_links":{"self":[{"href":"https:\/\/www.ecofridge.gr\/de\/wp-json\/wp\/v2\/product\/7320","targetHints":{"allow":["GET"]}}],"collection":[{"href":"https:\/\/www.ecofridge.gr\/de\/wp-json\/wp\/v2\/product"}],"about":[{"href":"https:\/\/www.ecofridge.gr\/de\/wp-json\/wp\/v2\/types\/product"}],"wp:featuredmedia":[{"embeddable":true,"href":"https:\/\/www.ecofridge.gr\/de\/wp-json\/wp\/v2\/media\/7309"}],"wp:attachment":[{"href":"https:\/\/www.ecofridge.gr\/de\/wp-json\/wp\/v2\/media?parent=7320"}],"wp:term":[{"taxonomy":"product_cat","embeddable":true,"href":"https:\/\/www.ecofridge.gr\/de\/wp-json\/wp\/v2\/product_cat?post=7320"},{"taxonomy":"product_tag","embeddable":true,"href":"https:\/\/www.ecofridge.gr\/de\/wp-json\/wp\/v2\/product_tag?post=7320"}],"curies":[{"name":"wp","href":"https:\/\/api.w.org\/{rel}","templated":true}]}}