{"id":7812,"date":"2023-01-14T10:02:06","date_gmt":"2023-01-14T08:02:06","guid":{"rendered":"https:\/\/www.ecofridge.gr\/?post_type=product&#038;p=7812"},"modified":"2026-04-15T10:59:28","modified_gmt":"2026-04-15T07:59:28","slug":"cl380s-antigrafi-3","status":"publish","type":"product","link":"https:\/\/www.ecofridge.gr\/de\/product\/cl380s-antigrafi-3\/","title":{"rendered":"CL380S (\u0391\u03bd\u03c4\u03b9\u03b3\u03c1\u03b1\u03c6\u03ae)"},"content":{"rendered":"","protected":false},"excerpt":{"rendered":"<p><strong><span class=\"HwtZe\" lang=\"de\"><span class=\"jCAhz ChMk0b\"><span class=\"ryNqvb\">Erfrischungsgetr\u00e4nkek\u00fchlschrank mit au\u00dfen beleuchteter Front<\/span><\/span><\/span><\/strong><\/p>\n<p><span class=\"HwtZe\" lang=\"de\"><span class=\"jCAhz ChMk0b\"><span class=\"ryNqvb\">Mit Innenthermometer, T\u00fcrschalter (schaltet den Ventilator ab, wenn die T\u00fcr ge\u00f6ffnet wird) &amp; spezieller w\u00e4rmeisolierender Doppelverglasung (geringer Emissionsgrad) f\u00fcr geringeren Energieverbrauch und einfach zu installierende Regale.<\/span><\/span> <\/span><\/p>\n<p><span class=\"HwtZe\" lang=\"de\"><span class=\"jCAhz ChMk0b\"><span class=\"ryNqvb\">Es verf\u00fcgt \u00fcber einen reduzierten Ger\u00e4uschpegel und eine Temperaturanzeige (mit analogem Thermometer) sowie einen Energieausweis.<\/span><\/span> <\/span><\/p>\n<p><span class=\"HwtZe\" lang=\"de\"><span class=\"jCAhz ChMk0b\"><span class=\"ryNqvb\">Betriebsbedingungen: 32\u02daC\/65 % relative Luftfeuchtigkeit.<\/span><\/span><\/span><\/p>\n<p>&nbsp;<\/p>\n","protected":false},"featured_media":7805,"template":"","meta":{"_acf_changed":false,"_seopress_robots_primary_cat":"none","_seopress_titles_title":"%%post_title%% %%sep%% %%sitetitle%%","_seopress_titles_desc":"\u03a8\u03c5\u03b3\u03b5\u03af\u03bf \u0391\u03bd\u03b1\u03c8\u03c5\u03ba\u03c4\u03b9\u03ba\u03ce\u03bd \u03bc\u03b5 \u0395\u03be\u03c9\u03c4\u03b5\u03c1\u03b9\u03ba\u03ae \u03a6\u03c9\u03c4\u03b9\u03b6\u03cc\u03bc\u03b5\u03bd\u03b7 \u039c\u03b5\u03c4\u03cc\u03c0\u03b7\r\n\r\n\u0395\u03c0\u03b1\u03b3\u03b3\u03b5\u03bb\u03bc\u03b1\u03c4\u03b9\u03ba\u03cc \u03c8\u03c5\u03b3\u03b5\u03af\u03bf \u03b1\u03bd\u03b1\u03c8\u03c5\u03ba\u03c4\u03b9\u03ba\u03ce\u03bd \u03bc\u03b5 \u03b5\u03be\u03c9\u03c4\u03b5\u03c1\u03b9\u03ba\u03ae \u03c6\u03c9\u03c4\u03b9\u03b6\u03cc\u03bc\u03b5\u03bd\u03b7 \u03bc\u03b5\u03c4\u03cc\u03c0\u03b7 \u03ba\u03b1\u03b9 \u03b3\u03c5\u03ac\u03bb\u03b9\u03bd\u03b7 \u03c0\u03cc\u03c1\u03c4\u03b1 \u03c0\u03bb\u03ae\u03c1\u03bf\u03c5\u03c2 \u03cd\u03c8\u03bf\u03c5\u03c2 \u03c0\u03bf\u03c5 \u03c6\u03c4\u03ac\u03bd\u03b5\u03b9 \u03ad\u03c9\u03c2 \u03c4\u03bf \u03ba\u03ac\u03c4\u03c9 \u03bc\u03ad\u03c1\u03bf\u03c2, \u03c0\u03c1\u03bf\u03c3\u03c6\u03ad\u03c1\u03bf\u03bd\u03c4\u03b1\u03c2 \u03b5\u03bd\u03c4\u03c5\u03c0\u03c9\u03c3\u03b9\u03b1\u03ba\u03ae \u03c0\u03c1\u03bf\u03b2\u03bf\u03bb\u03ae \u03c0\u03c1\u03bf\u03ca\u03cc\u03bd\u03c4\u03c9\u03bd \u03ba\u03b1\u03b9 \u03bc\u03ad\u03b3\u03b9\u03c3\u03c4\u03b7 \u03bf\u03c1\u03b1\u03c4\u03cc\u03c4\u03b7\u03c4\u03b1. \u0399\u03b4\u03b1\u03bd\u03b9\u03ba\u03ae \u03b5\u03c0\u03b9\u03bb\u03bf\u03b3\u03ae \u03b3\u03b9\u03b1 \u03c7\u03ce\u03c1\u03bf\u03c5\u03c2 HoReCa, mini market \u03ba\u03b1\u03b9 \u03c3\u03b7\u03bc\u03b5\u03af\u03b1 \u03c0\u03ce\u03bb\u03b7\u03c3\u03b7\u03c2 \u03bc\u03b5 \u03c5\u03c8\u03b7\u03bb\u03ae \u03b5\u03c0\u03b9\u03c3\u03ba\u03b5\u03c8\u03b9\u03bc\u03cc\u03c4\u03b7\u03c4\u03b1.\r\n\r\n\u03a3\u03c7\u03b5\u03b4\u03b9\u03b1\u03c3\u03bc\u03ad\u03bd\u03bf \u03b3\u03b9\u03b1 \u03c5\u03c8\u03b7\u03bb\u03ae \u03b1\u03c0\u03cc\u03b4\u03bf\u03c3\u03b7, \u03c7\u03b1\u03bc\u03b7\u03bb\u03ae \u03ba\u03b1\u03c4\u03b1\u03bd\u03ac\u03bb\u03c9\u03c3\u03b7 \u03ba\u03b1\u03b9 \u03b5\u03cd\u03ba\u03bf\u03bb\u03b7 \u03ba\u03b1\u03b8\u03b7\u03bc\u03b5\u03c1\u03b9\u03bd\u03ae \u03c7\u03c1\u03ae\u03c3\u03b7, \u03c3\u03c5\u03bc\u03b2\u03ac\u03bb\u03bb\u03b5\u03b9 \u03bf\u03c5\u03c3\u03b9\u03b1\u03c3\u03c4\u03b9\u03ba\u03ac \u03c3\u03c4\u03b7\u03bd \u03b1\u03cd\u03be\u03b7\u03c3\u03b7 \u03c4\u03c9\u03bd \u03c0\u03b1\u03c1\u03bf\u03c1\u03bc\u03b7\u03c4\u03b9\u03ba\u03ce\u03bd \u03c0\u03c9\u03bb\u03ae\u03c3\u03b5\u03c9\u03bd \u03bc\u03ad\u03c3\u03c9 \u03c4\u03b7\u03c2 \u03ac\u03c1\u03b9\u03c3\u03c4\u03b7\u03c2 \u03c0\u03b1\u03c1\u03bf\u03c5\u03c3\u03af\u03b1\u03c3\u03b7\u03c2 \u03c4\u03c9\u03bd \u03c0\u03c1\u03bf\u03ca\u03cc\u03bd\u03c4\u03c9\u03bd.\r\n\r\n\u03a7\u03b1\u03c1\u03b1\u03ba\u03c4\u03b7\u03c1\u03b9\u03c3\u03c4\u03b9\u03ba\u03ac:\r\n\r\n\u2714\ufe0f \u0395\u03be\u03c9\u03c4\u03b5\u03c1\u03b9\u03ba\u03ae \u03c6\u03c9\u03c4\u03b9\u03b6\u03cc\u03bc\u03b5\u03bd\u03b7 \u03bc\u03b5\u03c4\u03cc\u03c0\u03b7 \u03b3\u03b9\u03b1 \u03b9\u03c3\u03c7\u03c5\u03c1\u03ae \u03b5\u03bc\u03c0\u03bf\u03c1\u03b9\u03ba\u03ae \u03c0\u03c1\u03bf\u03b2\u03bf\u03bb\u03ae\r\n\u2714\ufe0f \u0393\u03c5\u03ac\u03bb\u03b9\u03bd\u03b7 \u03c0\u03cc\u03c1\u03c4\u03b1 \u03c0\u03bb\u03ae\u03c1\u03bf\u03c5\u03c2 \u03cd\u03c8\u03bf\u03c5\u03c2 \u03b3\u03b9\u03b1 \u03bc\u03ad\u03b3\u03b9\u03c3\u03c4\u03b7 \u03bf\u03c1\u03b1\u03c4\u03cc\u03c4\u03b7\u03c4\u03b1 \u03c0\u03c1\u03bf\u03ca\u03cc\u03bd\u03c4\u03c9\u03bd\r\n\u2714\ufe0f \u0395\u03c3\u03c9\u03c4\u03b5\u03c1\u03b9\u03ba\u03cc \u03b8\u03b5\u03c1\u03bc\u03cc\u03bc\u03b5\u03c4\u03c1\u03bf\r\n\u2714\ufe0f \u0394\u03b9\u03b1\u03ba\u03cc\u03c0\u03c4\u03b7\u03c2 \u03c0\u03cc\u03c1\u03c4\u03b1\u03c2 \u2013 \u03bf \u03b1\u03bd\u03b5\u03bc\u03b9\u03c3\u03c4\u03ae\u03c1\u03b1\u03c2 \u03b4\u03b9\u03b1\u03ba\u03cc\u03c0\u03c4\u03b5\u03c4\u03b1\u03b9 \u03bc\u03b5 \u03c4\u03bf \u03ac\u03bd\u03bf\u03b9\u03b3\u03bc\u03b1 \u03c4\u03b7\u03c2 \u03c0\u03cc\u03c1\u03c4\u03b1\u03c2\r\n\u2714\ufe0f \u0395\u03b9\u03b4\u03b9\u03ba\u03ac \u03b8\u03b5\u03c1\u03bc\u03bf\u03bc\u03bf\u03bd\u03c9\u03c4\u03b9\u03ba\u03ac \u03b4\u03b9\u03c0\u03bb\u03ac \u03c4\u03b6\u03ac\u03bc\u03b9\u03b1 (Low-E \/ Low Emissivity) \u03b3\u03b9\u03b1 \u03c7\u03b1\u03bc\u03b7\u03bb\u03cc\u03c4\u03b5\u03c1\u03b7 \u03ba\u03b1\u03c4\u03b1\u03bd\u03ac\u03bb\u03c9\u03c3\u03b7 \u03b5\u03bd\u03ad\u03c1\u03b3\u03b5\u03b9\u03b1\u03c2\r\n\u2714\ufe0f \u0395\u03cd\u03ba\u03bf\u03bb\u03b1 \u03b1\u03c0\u03bf\u03c3\u03c0\u03ce\u03bc\u03b5\u03bd\u03b1 \u03b5\u03bd\u03b9\u03c3\u03c7\u03c5\u03bc\u03ad\u03bd\u03b1 \u03c1\u03ac\u03c6\u03b9\u03b1 \u03b3\u03b9\u03b1 \u03c0\u03c1\u03b1\u03ba\u03c4\u03b9\u03ba\u03ae \u03c7\u03c1\u03ae\u03c3\u03b7 \u03ba\u03b1\u03b9 \u03b3\u03c1\u03ae\u03b3\u03bf\u03c1\u03bf \u03b1\u03bd\u03b5\u03c6\u03bf\u03b4\u03b9\u03b1\u03c3\u03bc\u03cc\r\n\u2714\ufe0f \u039c\u03b7\u03c7\u03b1\u03bd\u03b9\u03c3\u03bc\u03cc\u03c2 \u03b5\u03c0\u03b1\u03bd\u03b1\u03c6\u03bf\u03c1\u03ac\u03c2 \u03c0\u03cc\u03c1\u03c4\u03b1\u03c2\r\n\u2714\ufe0f \u03a0\u03bf\u03bb\u03cd \u03b3\u03c1\u03ae\u03b3\u03bf\u03c1\u03b7 \u03c8\u03cd\u03be\u03b7\r\n\u2714\ufe0f \u039c\u03b5\u03b9\u03c9\u03bc\u03ad\u03bd\u03b7 \u03c3\u03c4\u03ac\u03b8\u03bc\u03b7 \u03b8\u03bf\u03c1\u03cd\u03b2\u03bf\u03c5\r\n\u2714\ufe0f \u0397\u03bb\u03b5\u03ba\u03c4\u03c1\u03bf\u03bd\u03b9\u03ba\u03cc\u03c2 \u03b8\u03b5\u03c1\u03bc\u03bf\u03c3\u03c4\u03ac\u03c4\u03b7\u03c2 \u03b3\u03b9\u03b1 \u03b1\u03ba\u03c1\u03b9\u03b2\u03ae \u03c1\u03cd\u03b8\u03bc\u03b9\u03c3\u03b7 \u03b8\u03b5\u03c1\u03bc\u03bf\u03ba\u03c1\u03b1\u03c3\u03af\u03b1\u03c2\r\n\u2714\ufe0f \u0395\u03bd\u03b5\u03c1\u03b3\u03b5\u03b9\u03b1\u03ba\u03cc \u03c0\u03b9\u03c3\u03c4\u03bf\u03c0\u03bf\u03b9\u03b7\u03c4\u03b9\u03ba\u03cc\r\n\r\n\ud83d\udccd \u03a3\u03c5\u03bd\u03b8\u03ae\u03ba\u03b5\u03c2 \u03bb\u03b5\u03b9\u03c4\u03bf\u03c5\u03c1\u03b3\u03af\u03b1\u03c2: 32\u00b0C \/ 65% RH","_seopress_robots_index":""},"product_cat":[558,557],"product_tag":[709],"class_list":{"0":"post-7812","1":"product","2":"type-product","3":"status-publish","4":"has-post-thumbnail","6":"product_cat-getraenke","7":"product_cat-kuehlschraenke","8":"product_tag-400-599lt-de","10":"first","11":"instock","12":"shipping-taxable","13":"product-type-simple"},"acf":[],"_links":{"self":[{"href":"https:\/\/www.ecofridge.gr\/de\/wp-json\/wp\/v2\/product\/7812","targetHints":{"allow":["GET"]}}],"collection":[{"href":"https:\/\/www.ecofridge.gr\/de\/wp-json\/wp\/v2\/product"}],"about":[{"href":"https:\/\/www.ecofridge.gr\/de\/wp-json\/wp\/v2\/types\/product"}],"wp:featuredmedia":[{"embeddable":true,"href":"https:\/\/www.ecofridge.gr\/de\/wp-json\/wp\/v2\/media\/7805"}],"wp:attachment":[{"href":"https:\/\/www.ecofridge.gr\/de\/wp-json\/wp\/v2\/media?parent=7812"}],"wp:term":[{"taxonomy":"product_cat","embeddable":true,"href":"https:\/\/www.ecofridge.gr\/de\/wp-json\/wp\/v2\/product_cat?post=7812"},{"taxonomy":"product_tag","embeddable":true,"href":"https:\/\/www.ecofridge.gr\/de\/wp-json\/wp\/v2\/product_tag?post=7812"}],"curies":[{"name":"wp","href":"https:\/\/api.w.org\/{rel}","templated":true}]}}